{"id":231529,"date":"2026-03-12T11:39:08","date_gmt":"2026-03-12T10:39:08","guid":{"rendered":"https:\/\/canvives.cat\/?post_type=product&#038;p=231529"},"modified":"2026-05-11T18:45:17","modified_gmt":"2026-05-11T16:45:17","slug":"ventresca-al-pimiento-can-vives-envases-de-200-gramos","status":"publish","type":"product","link":"https:\/\/canvives.cat\/es\/botiga\/ventresca-al-pebre-can-vives-paquets-de-200-grams\/","title":{"rendered":"Ventresca con pimienta de Can Vives (paquetes de 200 gramos)"},"content":{"rendered":"<p data-start=\"20\" data-end=\"320\"><span class=\"BZ_Pyq_fadeIn\">El <\/span><span class=\"BZ_Pyq_fadeIn\">carne de la tripa <\/span><span class=\"BZ_Pyq_fadeIn\">a <\/span><span class=\"BZ_Pyq_fadeIn\">pimienta <\/span><span class=\"BZ_Pyq_fadeIn\">de preparaci\u00f3n <\/span><span class=\"BZ_Pyq_fadeIn\">propio <\/span><span class=\"BZ_Pyq_fadeIn\">de <\/span><span class=\"BZ_Pyq_fadeIn\">\u00bfSe puede? <\/span><span class=\"BZ_Pyq_fadeIn\">Vivo <\/span><span class=\"BZ_Pyq_fadeIn\">es <\/span><span class=\"BZ_Pyq_fadeIn\">michelines <\/span><span class=\"BZ_Pyq_fadeIn\">de <\/span><span class=\"BZ_Pyq_fadeIn\">cerdo <\/span><span class=\"BZ_Pyq_fadeIn\">curado <\/span><span class=\"BZ_Pyq_fadeIn\">con <\/span><span class=\"BZ_Pyq_fadeIn\">sal <\/span><span class=\"BZ_Pyq_fadeIn\">i <\/span><span class=\"BZ_Pyq_fadeIn\">pimienta, <\/span><span class=\"BZ_Pyq_fadeIn\">preparado <\/span><span class=\"BZ_Pyq_fadeIn\">artesanalmente <\/span><span class=\"BZ_Pyq_fadeIn\">Siguiente <\/span><span class=\"BZ_Pyq_fadeIn\">m\u00e9todos <\/span><span class=\"BZ_Pyq_fadeIn\">tradicional <\/span><span class=\"BZ_Pyq_fadeIn\">de <\/span><span class=\"BZ_Pyq_fadeIn\">Embutidos. <\/span><span class=\"BZ_Pyq_fadeIn\">Durante <\/span><span class=\"BZ_Pyq_fadeIn\">el <\/span><span class=\"BZ_Pyq_fadeIn\">proceso <\/span><span class=\"BZ_Pyq_fadeIn\">de <\/span><span class=\"BZ_Pyq_fadeIn\">curaci\u00f3n, <\/span><span class=\"BZ_Pyq_fadeIn\">el <\/span><span class=\"BZ_Pyq_fadeIn\">carne <\/span><span class=\"BZ_Pyq_fadeIn\">adquiere <\/span><span class=\"BZ_Pyq_fadeIn\">a <\/span><span class=\"BZ_Pyq_fadeIn\">textura <\/span><span class=\"BZ_Pyq_fadeIn\">empresa <\/span><span class=\"BZ_Pyq_fadeIn\">pero <\/span><span class=\"BZ_Pyq_fadeIn\">jugoso <\/span><span class=\"BZ_Pyq_fadeIn\">i <\/span><span class=\"BZ_Pyq_fadeIn\">uno <\/span><span class=\"BZ_Pyq_fadeIn\">sabor <\/span><span class=\"BZ_Pyq_fadeIn\">intenso <\/span><span class=\"BZ_Pyq_fadeIn\">donde <\/span><span class=\"BZ_Pyq_fadeIn\">destaca <\/span><span class=\"BZ_Pyq_fadeIn\">el aroma <\/span><span class=\"BZ_Pyq_fadeIn\">natural <\/span><span class=\"BZ_Pyq_fadeIn\">de <\/span><span class=\"BZ_Pyq_fadeIn\">pimienta.<\/span><\/p>\n<p data-start=\"322\" data-end=\"631\"><span class=\"BZ_Pyq_fadeIn\">Es <\/span><span class=\"BZ_Pyq_fadeIn\">uno <\/span><span class=\"BZ_Pyq_fadeIn\">producto <\/span><span class=\"BZ_Pyq_fadeIn\">muy <\/span><span class=\"BZ_Pyq_fadeIn\">agradecido <\/span><span class=\"BZ_Pyq_fadeIn\">por <\/span><span class=\"BZ_Pyq_fadeIn\">para cortar <\/span><span class=\"BZ_Pyq_fadeIn\">Bien <\/span><span class=\"BZ_Pyq_fadeIn\">fin <\/span><span class=\"BZ_Pyq_fadeIn\">i <\/span><span class=\"BZ_Pyq_fadeIn\">para servir <\/span><span class=\"BZ_Pyq_fadeIn\">en <\/span><span class=\"BZ_Pyq_fadeIn\">bocadillos, <\/span><span class=\"BZ_Pyq_fadeIn\">tapas <\/span><span class=\"BZ_Pyq_fadeIn\">o <\/span><span class=\"BZ_Pyq_fadeIn\">mesas <\/span><span class=\"BZ_Pyq_fadeIn\">de <\/span><span class=\"BZ_Pyq_fadeIn\">Embutidos. <\/span><span class=\"BZ_Pyq_fadeIn\">Elaborado <\/span><span class=\"BZ_Pyq_fadeIn\">a <\/span><span class=\"BZ_Pyq_fadeIn\">Calella <\/span><span class=\"BZ_Pyq_fadeIn\">con <\/span><span class=\"BZ_Pyq_fadeIn\">cuesti\u00f3n <\/span><span class=\"BZ_Pyq_fadeIn\">primero <\/span><span class=\"BZ_Pyq_fadeIn\">seleccionado, <\/span><span class=\"BZ_Pyq_fadeIn\">esto <\/span><span class=\"BZ_Pyq_fadeIn\">carne de la tripa <\/span><span class=\"BZ_Pyq_fadeIn\">a <\/span><span class=\"BZ_Pyq_fadeIn\">pimienta <\/span><span class=\"BZ_Pyq_fadeIn\">combinar <\/span><span class=\"BZ_Pyq_fadeIn\">el <\/span><span class=\"BZ_Pyq_fadeIn\">sencillez <\/span><span class=\"BZ_Pyq_fadeIn\">de la <\/span><span class=\"BZ_Pyq_fadeIn\">ingredientes <\/span><span class=\"BZ_Pyq_fadeIn\">con <\/span><span class=\"BZ_Pyq_fadeIn\">el <\/span><span class=\"BZ_Pyq_fadeIn\">personaje <\/span><span class=\"BZ_Pyq_fadeIn\">de <\/span><span class=\"BZ_Pyq_fadeIn\">el <\/span><span class=\"BZ_Pyq_fadeIn\">curado <\/span><span class=\"BZ_Pyq_fadeIn\">tradicional, <\/span><span class=\"BZ_Pyq_fadeIn\">oferta <\/span><span class=\"BZ_Pyq_fadeIn\">uno <\/span><span class=\"BZ_Pyq_fadeIn\">resultado <\/span><span class=\"BZ_Pyq_fadeIn\">aut\u00e9ntico <\/span><span class=\"BZ_Pyq_fadeIn\">i <\/span><span class=\"BZ_Pyq_fadeIn\">completo <\/span><span class=\"BZ_Pyq_fadeIn\">de <\/span><span class=\"BZ_Pyq_fadeIn\">sabor.<\/span><\/p>\n<p data-start=\"633\" data-end=\"735\" data-is-last-node=\"\" data-is-only-node=\"\"><span class=\"BZ_Pyq_fadeIn\">Ideal <\/span><span class=\"BZ_Pyq_fadeIn\">por <\/span><span class=\"BZ_Pyq_fadeIn\">a <\/span><span class=\"BZ_Pyq_fadeIn\">enamorados <\/span><span class=\"BZ_Pyq_fadeIn\">de <\/span><span class=\"BZ_Pyq_fadeIn\">el <\/span><span class=\"BZ_Pyq_fadeIn\">Delicatessen <\/span><span class=\"BZ_Pyq_fadeIn\">artesana <\/span><span class=\"BZ_Pyq_fadeIn\">que <\/span><span class=\"BZ_Pyq_fadeIn\">Est\u00e1n buscando <\/span><span class=\"BZ_Pyq_fadeIn\">uno <\/span><span class=\"BZ_Pyq_fadeIn\">producto <\/span><span class=\"BZ_Pyq_fadeIn\">cl\u00e1sico, <\/span><span class=\"BZ_Pyq_fadeIn\">sabroso <\/span><span class=\"BZ_Pyq_fadeIn\">i <\/span><span class=\"BZ_Pyq_fadeIn\">de <\/span><span class=\"BZ_Pyq_fadeIn\">calidad.<\/span><\/p>","protected":false},"excerpt":{"rendered":"<p>Paquetes de 200 gramos<\/p>","protected":false},"featured_media":231530,"comment_status":"closed","ping_status":"closed","template":"","meta":{"_editorskit_title_hidden":false,"_editorskit_reading_time":0,"_editorskit_is_block_options_detached":false,"_editorskit_block_options_position":"{}","_uag_custom_page_level_css":"","_kadence_starter_templates_imported_post":false,"_kad_post_transparent":"default","_kad_post_title":"","_kad_post_layout":"default","_kad_post_sidebar_id":"","_kad_post_content_style":"default","_kad_post_vertical_padding":"default","_kad_post_feature":"","_kad_post_feature_position":"","_kad_post_header":false,"_kad_post_footer":false,"_kad_post_classname":""},"product_brand":[],"product_cat":[155,1938],"product_tag":[],"class_list":{"0":"post-231529","1":"product","2":"type-product","3":"status-publish","4":"has-post-thumbnail","6":"product_cat-elaborats","7":"product_cat-xarcuteria-artesana","9":"first","10":"instock","11":"taxable","12":"shipping-taxable","13":"purchasable","14":"product-type-simple","15":"entry","16":"content-bg","17":"loop-entry"},"yoast_head":"<!-- This site is optimized with the Yoast SEO Premium plugin v27.6 (Yoast SEO v27.6) - https:\/\/yoast.com\/product\/yoast-seo-premium-wordpress\/ -->\n<title>Ventresca al pebre Can Vives (Paquets de 200 grams) - Can Vives carnissers des de 1840<\/title>\n<meta name=\"description\" content=\"Ventresca al pebre d\u2019elaboraci\u00f3 pr\u00f2pia, curada amb sal i pebre seguint m\u00e8todes tradicionals. Xarcuteria artesana amb sabor intens i textura melosa.\" \/>\n<meta name=\"robots\" content=\"index, follow, max-snippet:-1, max-image-preview:large, max-video-preview:-1\" \/>\n<link rel=\"canonical\" href=\"https:\/\/canvives.cat\/es\/tienda\/ventresca-al-pimiento-can-vives-envases-de-200-gramos\/\" \/>\n<meta property=\"og:locale\" content=\"es_ES\" \/>\n<meta property=\"og:type\" content=\"article\" \/>\n<meta property=\"og:title\" content=\"Ventresca al pebre Can Vives (Paquets de 200 grams)\" \/>\n<meta property=\"og:description\" content=\"Ventresca al pebre d\u2019elaboraci\u00f3 pr\u00f2pia, curada amb sal i pebre seguint m\u00e8todes tradicionals. Xarcuteria artesana amb sabor intens i textura melosa.\" \/>\n<meta property=\"og:url\" content=\"https:\/\/canvives.cat\/es\/tienda\/ventresca-al-pimiento-can-vives-envases-de-200-gramos\/\" \/>\n<meta property=\"og:site_name\" content=\"Can Vives carnissers des de 1840\" \/>\n<meta property=\"article:publisher\" content=\"https:\/\/www.facebook.com\/CanVivesCalella\" \/>\n<meta property=\"article:modified_time\" content=\"2026-05-11T16:45:17+00:00\" \/>\n<meta property=\"og:image\" content=\"https:\/\/canvives.cat\/wp-content\/uploads\/VentrescaAlPebre.png\" \/>\n\t<meta property=\"og:image:width\" content=\"1536\" \/>\n\t<meta property=\"og:image:height\" content=\"1024\" \/>\n\t<meta property=\"og:image:type\" content=\"image\/png\" \/>\n<meta name=\"twitter:card\" content=\"summary_large_image\" \/>\n<meta name=\"twitter:label1\" content=\"Precio\" \/>\n\t<meta name=\"twitter:data1\" content=\"5,76&nbsp;&euro; IVA Incl\u00f2s\" \/>\n\t<meta name=\"twitter:label2\" content=\"Disponibilidad\" \/>\n\t<meta name=\"twitter:data2\" content=\"Disponible\" \/>\n<script type=\"application\/ld+json\" class=\"yoast-schema-graph\">{\"@context\":\"https:\\\/\\\/schema.org\",\"@graph\":[{\"@type\":\"WebPage\",\"@id\":\"https:\\\/\\\/canvives.cat\\\/botiga\\\/ventresca-al-pebre-can-vives-paquets-de-200-grams\\\/\",\"url\":\"https:\\\/\\\/canvives.cat\\\/botiga\\\/ventresca-al-pebre-can-vives-paquets-de-200-grams\\\/\",\"name\":\"Ventresca al pebre Can Vives (Paquets de 200 grams) - Can Vives carnissers des de 1840\",\"isPartOf\":{\"@id\":\"https:\\\/\\\/canvives.cat\\\/#website\"},\"primaryImageOfPage\":{\"@id\":\"https:\\\/\\\/canvives.cat\\\/botiga\\\/ventresca-al-pebre-can-vives-paquets-de-200-grams\\\/#primaryimage\"},\"image\":{\"@id\":\"https:\\\/\\\/canvives.cat\\\/botiga\\\/ventresca-al-pebre-can-vives-paquets-de-200-grams\\\/#primaryimage\"},\"thumbnailUrl\":\"https:\\\/\\\/canvives.cat\\\/wp-content\\\/uploads\\\/VentrescaAlPebre.png\",\"datePublished\":\"2026-03-12T10:39:08+00:00\",\"dateModified\":\"2026-05-11T16:45:17+00:00\",\"description\":\"Ventresca al pebre d\u2019elaboraci\u00f3 pr\u00f2pia, curada amb sal i pebre seguint m\u00e8todes tradicionals. Xarcuteria artesana amb sabor intens i textura melosa.\",\"breadcrumb\":{\"@id\":\"https:\\\/\\\/canvives.cat\\\/botiga\\\/ventresca-al-pebre-can-vives-paquets-de-200-grams\\\/#breadcrumb\"},\"inLanguage\":\"es\",\"potentialAction\":[{\"@type\":\"ReadAction\",\"target\":[\"https:\\\/\\\/canvives.cat\\\/botiga\\\/ventresca-al-pebre-can-vives-paquets-de-200-grams\\\/\"]}]},{\"@type\":\"ImageObject\",\"inLanguage\":\"es\",\"@id\":\"https:\\\/\\\/canvives.cat\\\/botiga\\\/ventresca-al-pebre-can-vives-paquets-de-200-grams\\\/#primaryimage\",\"url\":\"https:\\\/\\\/canvives.cat\\\/wp-content\\\/uploads\\\/VentrescaAlPebre.png\",\"contentUrl\":\"https:\\\/\\\/canvives.cat\\\/wp-content\\\/uploads\\\/VentrescaAlPebre.png\",\"width\":1536,\"height\":1024},{\"@type\":\"BreadcrumbList\",\"@id\":\"https:\\\/\\\/canvives.cat\\\/botiga\\\/ventresca-al-pebre-can-vives-paquets-de-200-grams\\\/#breadcrumb\",\"itemListElement\":[{\"@type\":\"ListItem\",\"position\":1,\"name\":\"Portada\",\"item\":\"https:\\\/\\\/canvives.cat\\\/\"},{\"@type\":\"ListItem\",\"position\":2,\"name\":\"Botiga\",\"item\":\"https:\\\/\\\/canvives.cat\\\/botiga\\\/\"},{\"@type\":\"ListItem\",\"position\":3,\"name\":\"Ventresca al pebre Can Vives (Paquets de 200 grams)\"}]},{\"@type\":\"WebSite\",\"@id\":\"https:\\\/\\\/canvives.cat\\\/#website\",\"url\":\"https:\\\/\\\/canvives.cat\\\/\",\"name\":\"Can Vives carnissers des de 1840\",\"description\":\"La carnisseria-rostisseria amb m\u00e9s anys d&#039;hist\u00f2ria a Calella i una de les m\u00e9s antigues de Catalunya. Venda a botiga i online de tot tipus de carns, embotits, formatges i plats cuinats. Som carnissers, xarcuters i rostissers.\",\"publisher\":{\"@id\":\"https:\\\/\\\/canvives.cat\\\/#organization\"},\"alternateName\":\"Can Vives Calella\",\"potentialAction\":[{\"@type\":\"SearchAction\",\"target\":{\"@type\":\"EntryPoint\",\"urlTemplate\":\"https:\\\/\\\/canvives.cat\\\/?s={search_term_string}\"},\"query-input\":{\"@type\":\"PropertyValueSpecification\",\"valueRequired\":true,\"valueName\":\"search_term_string\"}}],\"inLanguage\":\"es\"},{\"@type\":[\"Organization\",\"Place\"],\"@id\":\"https:\\\/\\\/canvives.cat\\\/#organization\",\"name\":\"Carnisseria Rostisseria Can Vives\",\"alternateName\":\"Can Vives Calella\",\"url\":\"https:\\\/\\\/canvives.cat\\\/\",\"logo\":{\"@id\":\"https:\\\/\\\/canvives.cat\\\/botiga\\\/ventresca-al-pebre-can-vives-paquets-de-200-grams\\\/#local-main-organization-logo\"},\"image\":{\"@id\":\"https:\\\/\\\/canvives.cat\\\/botiga\\\/ventresca-al-pebre-can-vives-paquets-de-200-grams\\\/#local-main-organization-logo\"},\"sameAs\":[\"https:\\\/\\\/www.facebook.com\\\/CanVivesCalella\",\"https:\\\/\\\/www.instagram.com\\\/canvivescalella\\\/\",\"https:\\\/\\\/www.tiktok.com\\\/@can.vives.calella\"],\"description\":\"\\\"Carns, plats cuinats casolans, embotits de qualitat i elaboraci\u00f3 pr\u00f2pia, vins i caves, delicatessen i formatges. La carnisseria amb m\u00e9s anys d'hist\u00f2ria a Calella i una de les m\u00e9s antigues de Catalunya. Comer\u00e7 tradicional Elaborem els nostres cuinats, hamburgueses, botifarres, croquetes, embotits curats com fuets, llonganisses, lloms curats...\\\"\",\"legalName\":\"VIVES CLOS C.B.\",\"foundingDate\":\"1840-04-25\",\"numberOfEmployees\":{\"@type\":\"QuantitativeValue\",\"minValue\":\"1\",\"maxValue\":\"10\"},\"address\":{\"@id\":\"https:\\\/\\\/canvives.cat\\\/botiga\\\/ventresca-al-pebre-can-vives-paquets-de-200-grams\\\/#local-main-place-address\"},\"telephone\":[\"937690224\"],\"contactPoint\":{\"@type\":\"ContactPoint\",\"telephone\":\"662965320\",\"email\":\"canvives@canvives.cat\"},\"openingHoursSpecification\":[{\"@type\":\"OpeningHoursSpecification\",\"dayOfWeek\":[\"Monday\",\"Tuesday\",\"Wednesday\",\"Thursday\",\"Friday\",\"Saturday\",\"Sunday\"],\"opens\":\"09:00\",\"closes\":\"17:00\"}],\"email\":\"canvives@canvives.cat\",\"vatID\":\"E60450871\"},{\"@type\":\"PostalAddress\",\"@id\":\"https:\\\/\\\/canvives.cat\\\/botiga\\\/ventresca-al-pebre-can-vives-paquets-de-200-grams\\\/#local-main-place-address\",\"streetAddress\":\"Calle Sant Joan 89\",\"addressLocality\":\"Calella\",\"postalCode\":\"08370\",\"addressRegion\":\"Barcelona\",\"addressCountry\":\"ES\"},{\"@type\":\"ImageObject\",\"inLanguage\":\"es\",\"@id\":\"https:\\\/\\\/canvives.cat\\\/botiga\\\/ventresca-al-pebre-can-vives-paquets-de-200-grams\\\/#local-main-organization-logo\",\"url\":\"https:\\\/\\\/canvives.cat\\\/wp-content\\\/uploads\\\/logopng512.png\",\"contentUrl\":\"https:\\\/\\\/canvives.cat\\\/wp-content\\\/uploads\\\/logopng512.png\",\"width\":512,\"height\":512,\"caption\":\"Carnisseria Rostisseria Can Vives\"}]}<\/script>\n<meta property=\"product:price:amount\" content=\"5.76\" \/>\n<meta property=\"product:price:currency\" content=\"EUR\" \/>\n<meta property=\"og:availability\" content=\"instock\" \/>\n<meta property=\"product:availability\" content=\"instock\" \/>\n<meta property=\"product:retailer_item_id\" content=\"821\" \/>\n<meta property=\"product:condition\" content=\"new\" \/>\n<meta name=\"geo.placename\" content=\"Calella\" \/>\n<meta name=\"geo.region\" content=\"Espa\u00f1a\" \/>\n<!-- \/ Yoast SEO Premium plugin. -->","yoast_head_json":{"title":"Ventresca al pimiento de Can Vives (paquetes de 200 gramos) - Carnicer\u00eda Can Vives desde 1840","description":"Ventresca adobada con nuestra propia mezcla de especias, curada con sal y pimienta siguiendo m\u00e9todos tradicionales. Embutido artesanal de sabor intenso y textura que se deshace en la boca.","robots":{"index":"index","follow":"follow","max-snippet":"max-snippet:-1","max-image-preview":"max-image-preview:large","max-video-preview":"max-video-preview:-1"},"canonical":"https:\/\/canvives.cat\/es\/tienda\/ventresca-al-pimiento-can-vives-envases-de-200-gramos\/","og_locale":"es_ES","og_type":"article","og_title":"Ventresca al pebre Can Vives (Paquets de 200 grams)","og_description":"Ventresca al pebre d\u2019elaboraci\u00f3 pr\u00f2pia, curada amb sal i pebre seguint m\u00e8todes tradicionals. Xarcuteria artesana amb sabor intens i textura melosa.","og_url":"https:\/\/canvives.cat\/es\/tienda\/ventresca-al-pimiento-can-vives-envases-de-200-gramos\/","og_site_name":"Can Vives carnissers des de 1840","article_publisher":"https:\/\/www.facebook.com\/CanVivesCalella","article_modified_time":"2026-05-11T16:45:17+00:00","og_image":[{"width":1536,"height":1024,"url":"https:\/\/canvives.cat\/wp-content\/uploads\/VentrescaAlPebre.png","type":"image\/png"}],"twitter_card":"summary_large_image","twitter_misc":{"Precio":"5,76&nbsp;&euro; IVA Incl\u00f2s","Disponibilidad":"Disponible"},"schema":{"@context":"https:\/\/schema.org","@graph":[{"@type":"WebPage","@id":"https:\/\/canvives.cat\/botiga\/ventresca-al-pebre-can-vives-paquets-de-200-grams\/","url":"https:\/\/canvives.cat\/botiga\/ventresca-al-pebre-can-vives-paquets-de-200-grams\/","name":"Ventresca al pimiento de Can Vives (paquetes de 200 gramos) - Carnicer\u00eda Can Vives desde 1840","isPartOf":{"@id":"https:\/\/canvives.cat\/#website"},"primaryImageOfPage":{"@id":"https:\/\/canvives.cat\/botiga\/ventresca-al-pebre-can-vives-paquets-de-200-grams\/#primaryimage"},"image":{"@id":"https:\/\/canvives.cat\/botiga\/ventresca-al-pebre-can-vives-paquets-de-200-grams\/#primaryimage"},"thumbnailUrl":"https:\/\/canvives.cat\/wp-content\/uploads\/VentrescaAlPebre.png","datePublished":"2026-03-12T10:39:08+00:00","dateModified":"2026-05-11T16:45:17+00:00","description":"Ventresca adobada con nuestra propia mezcla de especias, curada con sal y pimienta siguiendo m\u00e9todos tradicionales. Embutido artesanal de sabor intenso y textura que se deshace en la boca.","breadcrumb":{"@id":"https:\/\/canvives.cat\/botiga\/ventresca-al-pebre-can-vives-paquets-de-200-grams\/#breadcrumb"},"inLanguage":"es","potentialAction":[{"@type":"ReadAction","target":["https:\/\/canvives.cat\/botiga\/ventresca-al-pebre-can-vives-paquets-de-200-grams\/"]}]},{"@type":"ImageObject","inLanguage":"es","@id":"https:\/\/canvives.cat\/botiga\/ventresca-al-pebre-can-vives-paquets-de-200-grams\/#primaryimage","url":"https:\/\/canvives.cat\/wp-content\/uploads\/VentrescaAlPebre.png","contentUrl":"https:\/\/canvives.cat\/wp-content\/uploads\/VentrescaAlPebre.png","width":1536,"height":1024},{"@type":"BreadcrumbList","@id":"https:\/\/canvives.cat\/botiga\/ventresca-al-pebre-can-vives-paquets-de-200-grams\/#breadcrumb","itemListElement":[{"@type":"ListItem","position":1,"name":"Portada","item":"https:\/\/canvives.cat\/"},{"@type":"ListItem","position":2,"name":"Botiga","item":"https:\/\/canvives.cat\/botiga\/"},{"@type":"ListItem","position":3,"name":"Ventresca al pebre Can Vives (Paquets de 200 grams)"}]},{"@type":"WebSite","@id":"https:\/\/canvives.cat\/#website","url":"https:\/\/canvives.cat\/","name":"Can Vives carniceros desde 1840","description":"La carniceria-asador con m\u00e1s a\u00f1os de historia en Calella y una de las m\u00e1s antiguas de Catalu\u00f1a. Venta en tienda y online de todo tipo de carnes, embutidos, quesos y platos preparados. Somos carniceros, charcuteros y asadores.","publisher":{"@id":"https:\/\/canvives.cat\/#organization"},"alternateName":"Can Vives Calella","potentialAction":[{"@type":"SearchAction","target":{"@type":"EntryPoint","urlTemplate":"https:\/\/canvives.cat\/?s={search_term_string}"},"query-input":{"@type":"PropertyValueSpecification","valueRequired":true,"valueName":"search_term_string"}}],"inLanguage":"es"},{"@type":["Organization","Place"],"@id":"https:\/\/canvives.cat\/#organization","name":"Carnicer\u00eda y Asador Can Vives","alternateName":"Can Vives Calella","url":"https:\/\/canvives.cat\/","logo":{"@id":"https:\/\/canvives.cat\/botiga\/ventresca-al-pebre-can-vives-paquets-de-200-grams\/#local-main-organization-logo"},"image":{"@id":"https:\/\/canvives.cat\/botiga\/ventresca-al-pebre-can-vives-paquets-de-200-grams\/#local-main-organization-logo"},"sameAs":["https:\/\/www.facebook.com\/CanVivesCalella","https:\/\/www.instagram.com\/canvivescalella\/","https:\/\/www.tiktok.com\/@can.vives.calella"],"description":"\"Carnes, platos caseros, embutidos de calidad y especialidades propias, vinos y cavas, delicatessen y quesos. La carnicer\\u00eda con m\\u00e1s historia de Calella y una de las m\\u00e1s antiguas de Catalu\\u00f1a. Somos un negocio tradicional y elaboramos nuestras propias carnes cocidas, hamburguesas, salchichas, croquetas, embutidos como fuet, longaniza, lomos curados...\"","legalName":"VIVES CLOS C.B.","foundingDate":"1840-04-25","numberOfEmployees":{"@type":"QuantitativeValue","minValue":"1","maxValue":"10"},"address":{"@id":"https:\/\/canvives.cat\/botiga\/ventresca-al-pebre-can-vives-paquets-de-200-grams\/#local-main-place-address"},"telephone":["937690224"],"contactPoint":{"@type":"ContactPoint","telephone":"662965320","email":"canvives@canvives.cat"},"openingHoursSpecification":[{"@type":"OpeningHoursSpecification","dayOfWeek":["Monday","Tuesday","Wednesday","Thursday","Friday","Saturday","Sunday"],"opens":"09:00","closes":"17:00"}],"email":"canvives@canvives.cat","vatID":"E60450871"},{"@type":"PostalAddress","@id":"https:\/\/canvives.cat\/botiga\/ventresca-al-pebre-can-vives-paquets-de-200-grams\/#local-main-place-address","streetAddress":"Calle Sant Joan 89","addressLocality":"Calella","postalCode":"08370","addressRegion":"Barcelona","addressCountry":"ES"},{"@type":"ImageObject","inLanguage":"es","@id":"https:\/\/canvives.cat\/botiga\/ventresca-al-pebre-can-vives-paquets-de-200-grams\/#local-main-organization-logo","url":"https:\/\/canvives.cat\/wp-content\/uploads\/logopng512.png","contentUrl":"https:\/\/canvives.cat\/wp-content\/uploads\/logopng512.png","width":512,"height":512,"caption":"Carnisseria Rostisseria Can Vives"}]},"product_price_amount":"5.76","product_price_currency":"EUR","og_availability":"instock","product_availability":"instock","product_retailer_item_id":"821","product_condition":"new","geo.placename":"Calella","geo.region":"Espa\u00f1a"},"uagb_featured_image_src":{"full":["https:\/\/canvives.cat\/wp-content\/uploads\/VentrescaAlPebre.png",1536,1024,false],"thumbnail":["https:\/\/canvives.cat\/wp-content\/uploads\/VentrescaAlPebre-300x300.png",300,300,true],"medium":["https:\/\/canvives.cat\/wp-content\/uploads\/VentrescaAlPebre-600x400.png",600,400,true],"medium_large":["https:\/\/canvives.cat\/wp-content\/uploads\/VentrescaAlPebre-768x512.png",768,512,true],"large":["https:\/\/canvives.cat\/wp-content\/uploads\/VentrescaAlPebre.png",1536,1024,false],"1536x1536":["https:\/\/canvives.cat\/wp-content\/uploads\/VentrescaAlPebre.png",1536,1024,false],"2048x2048":["https:\/\/canvives.cat\/wp-content\/uploads\/VentrescaAlPebre.png",1536,1024,false],"trp-custom-language-flag":["https:\/\/canvives.cat\/wp-content\/uploads\/VentrescaAlPebre-18x12.png",18,12,true],"woocommerce_thumbnail":["https:\/\/canvives.cat\/wp-content\/uploads\/VentrescaAlPebre-300x300.png",300,300,true],"woocommerce_single":["https:\/\/canvives.cat\/wp-content\/uploads\/VentrescaAlPebre-600x400.png",600,400,true],"woocommerce_gallery_thumbnail":["https:\/\/canvives.cat\/wp-content\/uploads\/VentrescaAlPebre-100x100.png",100,100,true]},"uagb_author_info":{"display_name":"Administrador de Can Vives","author_link":"https:\/\/canvives.cat\/es\/author\/"},"uagb_comment_info":0,"uagb_excerpt":"Paquets de 200 grams","_links":{"self":[{"href":"https:\/\/canvives.cat\/es\/wp-json\/wp\/v2\/product\/231529","targetHints":{"allow":["GET"]}}],"collection":[{"href":"https:\/\/canvives.cat\/es\/wp-json\/wp\/v2\/product"}],"about":[{"href":"https:\/\/canvives.cat\/es\/wp-json\/wp\/v2\/types\/product"}],"replies":[{"embeddable":true,"href":"https:\/\/canvives.cat\/es\/wp-json\/wp\/v2\/comments?post=231529"}],"wp:featuredmedia":[{"embeddable":true,"href":"https:\/\/canvives.cat\/es\/wp-json\/wp\/v2\/media\/231530"}],"wp:attachment":[{"href":"https:\/\/canvives.cat\/es\/wp-json\/wp\/v2\/media?parent=231529"}],"wp:term":[{"taxonomy":"product_brand","embeddable":true,"href":"https:\/\/canvives.cat\/es\/wp-json\/wp\/v2\/product_brand?post=231529"},{"taxonomy":"product_cat","embeddable":true,"href":"https:\/\/canvives.cat\/es\/wp-json\/wp\/v2\/product_cat?post=231529"},{"taxonomy":"product_tag","embeddable":true,"href":"https:\/\/canvives.cat\/es\/wp-json\/wp\/v2\/product_tag?post=231529"}],"curies":[{"name":"wp","href":"https:\/\/api.w.org\/{rel}","templated":true}]}}