{"id":231503,"date":"2026-03-08T16:34:22","date_gmt":"2026-03-08T15:34:22","guid":{"rendered":"https:\/\/canvives.cat\/?post_type=product&#038;p=231503"},"modified":"2026-04-27T12:30:47","modified_gmt":"2026-04-27T10:30:47","slug":"can-xicoy-brie-de-cabra-unidad","status":"publish","type":"product","link":"https:\/\/canvives.cat\/es\/botiga\/brie-de-cabra-de-can-xicoy-unitat\/","title":{"rendered":"Brie de cabra de Can Xicoy (Unidad)"},"content":{"rendered":"<p data-start=\"4191\" data-end=\"4409\"><strong data-start=\"4191\" data-end=\"4205\">Descripci\u00f3n<\/strong><br data-start=\"4205\" data-end=\"4208\" \/>El Brie de cabra es un queso de pasta blanda y corteza blanca elaborado con leche de cabra. Combina la cremosidad caracter\u00edstica de los quesos tipo Brie con la frescura arom\u00e1tica de la leche de cabra.<\/p>\n<p data-start=\"4411\" data-end=\"4580\"><strong data-start=\"4411\" data-end=\"4432\">Origen y tradici\u00f3n<\/strong><br data-start=\"4432\" data-end=\"4435\" \/>Producido por la queser\u00eda Can Xicoy, este queso representa una interpretaci\u00f3n contempor\u00e1nea de los cl\u00e1sicos quesos europeos de pasta blanda.<\/p>\n<p data-start=\"4582\" data-end=\"4754\"><strong data-start=\"4582\" data-end=\"4603\">Leche y producci\u00f3n<\/strong><br data-start=\"4603\" data-end=\"4606\" \/>Elaborado con leche de cabra. Durante la maduraci\u00f3n se forma una corteza blanca a partir de moho natural. La maduraci\u00f3n es relativamente corta.<\/p>\n<p data-start=\"4756\" data-end=\"4853\"><strong data-start=\"4756\" data-end=\"4777\">Textura y apariencia<\/strong><br data-start=\"4777\" data-end=\"4780\" \/>Corteza blanca y aterciopelada. Pasta cremosa y sedosa de color blanco marfil.<\/p>\n<p data-start=\"4855\" data-end=\"4957\"><strong data-start=\"4855\" data-end=\"4874\">Perfil gustativo<\/strong><br data-start=\"4874\" data-end=\"4877\" \/>Un sabor suave con notas l\u00e1cteas y ligeramente caprinas, equilibrado y elegante.<\/p>\n<p data-start=\"4959\" data-end=\"5042\"><strong data-start=\"4959\" data-end=\"4984\">Maridajes recomendados<\/strong><br data-start=\"4984\" data-end=\"4987\" \/>Combina muy bien con vinos blancos arom\u00e1ticos, cava o miel.<\/p>\n<p data-start=\"5044\" data-end=\"5142\"><strong data-start=\"5044\" data-end=\"5071\">Recomendaciones de consumo<\/strong><br data-start=\"5071\" data-end=\"5074\" \/>Cons\u00famelo ligeramente ablandado para disfrutar de su cremosidad.<\/p>\n<p data-start=\"5144\" data-end=\"5225\"><strong data-start=\"5144\" data-end=\"5159\">Conservaci\u00f3n<\/strong><br data-start=\"5159\" data-end=\"5162\" \/>Cons\u00e9rvelo refrigerado en su envoltorio o en una gasa.<\/p>","protected":false},"excerpt":{"rendered":"<p>Unidades<\/p>","protected":false},"featured_media":231502,"comment_status":"closed","ping_status":"closed","template":"","meta":{"_editorskit_title_hidden":false,"_editorskit_reading_time":0,"_editorskit_is_block_options_detached":false,"_editorskit_block_options_position":"{}","_uag_custom_page_level_css":"","_kadence_starter_templates_imported_post":false,"_kad_post_transparent":"default","_kad_post_title":"","_kad_post_layout":"default","_kad_post_sidebar_id":"","_kad_post_content_style":"default","_kad_post_vertical_padding":"default","_kad_post_feature":"","_kad_post_feature_position":"","_kad_post_header":false,"_kad_post_footer":false,"_kad_post_classname":""},"product_brand":[],"product_cat":[532,534],"product_tag":[2621],"class_list":{"0":"post-231503","1":"product","2":"type-product","3":"status-publish","4":"has-post-thumbnail","6":"product_cat-altres-fabricants","7":"product_cat-formatges","8":"product_tag-catalunya","10":"first","11":"instock","12":"taxable","13":"shipping-taxable","14":"purchasable","15":"product-type-simple","16":"entry","17":"content-bg","18":"loop-entry"},"yoast_head":"<!-- This site is optimized with the Yoast SEO Premium plugin v27.5 (Yoast SEO v27.5) - https:\/\/yoast.com\/product\/yoast-seo-premium-wordpress\/ -->\n<title>Brie de cabra de Can Xicoy (Unitat) - Can Vives carnissers des de 1840<\/title>\n<meta name=\"description\" content=\"Brie de cabra de Can Xicoy, crem\u00f3s amb escor\u00e7a blanca i sabor delicat. Formatge elegant elaborat amb llet de cabra a Arenys de Munts.\" \/>\n<meta name=\"robots\" content=\"index, follow, max-snippet:-1, max-image-preview:large, max-video-preview:-1\" \/>\n<link rel=\"canonical\" href=\"https:\/\/canvives.cat\/es\/tienda\/can-xicoy-brie-de-cabra-unidad\/\" \/>\n<meta property=\"og:locale\" content=\"es_ES\" \/>\n<meta property=\"og:type\" content=\"article\" \/>\n<meta property=\"og:title\" content=\"Brie de cabra de Can Xicoy (Unitat)\" \/>\n<meta property=\"og:description\" content=\"Brie de cabra de Can Xicoy, crem\u00f3s amb escor\u00e7a blanca i sabor delicat. Formatge elegant elaborat amb llet de cabra a Arenys de Munts.\" \/>\n<meta property=\"og:url\" content=\"https:\/\/canvives.cat\/es\/tienda\/can-xicoy-brie-de-cabra-unidad\/\" \/>\n<meta property=\"og:site_name\" content=\"Can Vives carnissers des de 1840\" \/>\n<meta property=\"article:publisher\" content=\"https:\/\/www.facebook.com\/CanVivesCalella\" \/>\n<meta property=\"article:modified_time\" content=\"2026-04-27T10:30:47+00:00\" \/>\n<meta property=\"og:image\" content=\"https:\/\/canvives.cat\/wp-content\/uploads\/1000041206.png\" \/>\n\t<meta property=\"og:image:width\" content=\"1536\" \/>\n\t<meta property=\"og:image:height\" content=\"1024\" \/>\n\t<meta property=\"og:image:type\" content=\"image\/png\" \/>\n<meta name=\"twitter:card\" content=\"summary_large_image\" \/>\n<meta name=\"twitter:label1\" content=\"Precio\" \/>\n\t<meta name=\"twitter:data1\" content=\"11,00&nbsp;&euro; IVA Incl\u00f2s\" \/>\n\t<meta name=\"twitter:label2\" content=\"Disponibilidad\" \/>\n\t<meta name=\"twitter:data2\" content=\"Disponible\" \/>\n<script type=\"application\/ld+json\" class=\"yoast-schema-graph\">{\"@context\":\"https:\\\/\\\/schema.org\",\"@graph\":[{\"@type\":\"WebPage\",\"@id\":\"https:\\\/\\\/canvives.cat\\\/botiga\\\/brie-de-cabra-de-can-xicoy-unitat\\\/\",\"url\":\"https:\\\/\\\/canvives.cat\\\/botiga\\\/brie-de-cabra-de-can-xicoy-unitat\\\/\",\"name\":\"Brie de cabra de Can Xicoy (Unitat) - Can Vives carnissers des de 1840\",\"isPartOf\":{\"@id\":\"https:\\\/\\\/canvives.cat\\\/#website\"},\"primaryImageOfPage\":{\"@id\":\"https:\\\/\\\/canvives.cat\\\/botiga\\\/brie-de-cabra-de-can-xicoy-unitat\\\/#primaryimage\"},\"image\":{\"@id\":\"https:\\\/\\\/canvives.cat\\\/botiga\\\/brie-de-cabra-de-can-xicoy-unitat\\\/#primaryimage\"},\"thumbnailUrl\":\"https:\\\/\\\/canvives.cat\\\/wp-content\\\/uploads\\\/1000041206.png\",\"datePublished\":\"2026-03-08T15:34:22+00:00\",\"dateModified\":\"2026-04-27T10:30:47+00:00\",\"description\":\"Brie de cabra de Can Xicoy, crem\u00f3s amb escor\u00e7a blanca i sabor delicat. Formatge elegant elaborat amb llet de cabra a Arenys de Munts.\",\"breadcrumb\":{\"@id\":\"https:\\\/\\\/canvives.cat\\\/botiga\\\/brie-de-cabra-de-can-xicoy-unitat\\\/#breadcrumb\"},\"inLanguage\":\"es\",\"potentialAction\":[{\"@type\":\"ReadAction\",\"target\":[\"https:\\\/\\\/canvives.cat\\\/botiga\\\/brie-de-cabra-de-can-xicoy-unitat\\\/\"]}]},{\"@type\":\"ImageObject\",\"inLanguage\":\"es\",\"@id\":\"https:\\\/\\\/canvives.cat\\\/botiga\\\/brie-de-cabra-de-can-xicoy-unitat\\\/#primaryimage\",\"url\":\"https:\\\/\\\/canvives.cat\\\/wp-content\\\/uploads\\\/1000041206.png\",\"contentUrl\":\"https:\\\/\\\/canvives.cat\\\/wp-content\\\/uploads\\\/1000041206.png\",\"width\":1536,\"height\":1024},{\"@type\":\"BreadcrumbList\",\"@id\":\"https:\\\/\\\/canvives.cat\\\/botiga\\\/brie-de-cabra-de-can-xicoy-unitat\\\/#breadcrumb\",\"itemListElement\":[{\"@type\":\"ListItem\",\"position\":1,\"name\":\"Portada\",\"item\":\"https:\\\/\\\/canvives.cat\\\/\"},{\"@type\":\"ListItem\",\"position\":2,\"name\":\"Botiga\",\"item\":\"https:\\\/\\\/canvives.cat\\\/botiga\\\/\"},{\"@type\":\"ListItem\",\"position\":3,\"name\":\"Brie de cabra de Can Xicoy (Unitat)\"}]},{\"@type\":\"WebSite\",\"@id\":\"https:\\\/\\\/canvives.cat\\\/#website\",\"url\":\"https:\\\/\\\/canvives.cat\\\/\",\"name\":\"Can Vives carnissers des de 1840\",\"description\":\"La carnisseria-rostisseria amb m\u00e9s anys d&#039;hist\u00f2ria a Calella i una de les m\u00e9s antigues de Catalunya. Venda a botiga i online de tot tipus de carns, embotits, formatges i plats cuinats. Som carnissers, xarcuters i rostissers.\",\"publisher\":{\"@id\":\"https:\\\/\\\/canvives.cat\\\/#organization\"},\"alternateName\":\"Can Vives Calella\",\"potentialAction\":[{\"@type\":\"SearchAction\",\"target\":{\"@type\":\"EntryPoint\",\"urlTemplate\":\"https:\\\/\\\/canvives.cat\\\/?s={search_term_string}\"},\"query-input\":{\"@type\":\"PropertyValueSpecification\",\"valueRequired\":true,\"valueName\":\"search_term_string\"}}],\"inLanguage\":\"es\"},{\"@type\":[\"Organization\",\"Place\"],\"@id\":\"https:\\\/\\\/canvives.cat\\\/#organization\",\"name\":\"Carnisseria Rostisseria Can Vives\",\"alternateName\":\"Can Vives Calella\",\"url\":\"https:\\\/\\\/canvives.cat\\\/\",\"logo\":{\"@id\":\"https:\\\/\\\/canvives.cat\\\/botiga\\\/brie-de-cabra-de-can-xicoy-unitat\\\/#local-main-organization-logo\"},\"image\":{\"@id\":\"https:\\\/\\\/canvives.cat\\\/botiga\\\/brie-de-cabra-de-can-xicoy-unitat\\\/#local-main-organization-logo\"},\"sameAs\":[\"https:\\\/\\\/www.facebook.com\\\/CanVivesCalella\",\"https:\\\/\\\/www.instagram.com\\\/canvivescalella\\\/\",\"https:\\\/\\\/www.tiktok.com\\\/@can.vives.calella\"],\"description\":\"\\\"Carns, plats cuinats casolans, embotits de qualitat i elaboraci\u00f3 pr\u00f2pia, vins i caves, delicatessen i formatges. La carnisseria amb m\u00e9s anys d'hist\u00f2ria a Calella i una de les m\u00e9s antigues de Catalunya. Comer\u00e7 tradicional Elaborem els nostres cuinats, hamburgueses, botifarres, croquetes, embotits curats com fuets, llonganisses, lloms curats...\\\"\",\"legalName\":\"VIVES CLOS C.B.\",\"foundingDate\":\"1840-04-25\",\"numberOfEmployees\":{\"@type\":\"QuantitativeValue\",\"minValue\":\"1\",\"maxValue\":\"10\"},\"address\":{\"@id\":\"https:\\\/\\\/canvives.cat\\\/botiga\\\/brie-de-cabra-de-can-xicoy-unitat\\\/#local-main-place-address\"},\"telephone\":[\"937690224\"],\"contactPoint\":{\"@type\":\"ContactPoint\",\"telephone\":\"662965320\",\"email\":\"canvives@canvives.cat\"},\"openingHoursSpecification\":[{\"@type\":\"OpeningHoursSpecification\",\"dayOfWeek\":[\"Monday\",\"Tuesday\",\"Wednesday\",\"Thursday\",\"Friday\",\"Saturday\",\"Sunday\"],\"opens\":\"09:00\",\"closes\":\"17:00\"}],\"email\":\"canvives@canvives.cat\",\"vatID\":\"E60450871\"},{\"@type\":\"PostalAddress\",\"@id\":\"https:\\\/\\\/canvives.cat\\\/botiga\\\/brie-de-cabra-de-can-xicoy-unitat\\\/#local-main-place-address\",\"streetAddress\":\"Calle Sant Joan 89\",\"addressLocality\":\"Calella\",\"postalCode\":\"08370\",\"addressRegion\":\"Barcelona\",\"addressCountry\":\"ES\"},{\"@type\":\"ImageObject\",\"inLanguage\":\"es\",\"@id\":\"https:\\\/\\\/canvives.cat\\\/botiga\\\/brie-de-cabra-de-can-xicoy-unitat\\\/#local-main-organization-logo\",\"url\":\"https:\\\/\\\/canvives.cat\\\/wp-content\\\/uploads\\\/logopng512.png\",\"contentUrl\":\"https:\\\/\\\/canvives.cat\\\/wp-content\\\/uploads\\\/logopng512.png\",\"width\":512,\"height\":512,\"caption\":\"Carnisseria Rostisseria Can Vives\"}]}<\/script>\n<meta property=\"product:price:amount\" content=\"11.00\" \/>\n<meta property=\"product:price:currency\" content=\"EUR\" \/>\n<meta property=\"og:availability\" content=\"instock\" \/>\n<meta property=\"product:availability\" content=\"instock\" \/>\n<meta property=\"product:retailer_item_id\" content=\"1058\" \/>\n<meta property=\"product:condition\" content=\"new\" \/>\n<meta name=\"geo.placename\" content=\"Calella\" \/>\n<meta name=\"geo.region\" content=\"Espa\u00f1a\" \/>\n<!-- \/ Yoast SEO Premium plugin. -->","yoast_head_json":{"title":"Queso de cabra Can Xicoy (unidad) - Carnicer\u00eda Can Vives desde 1840","description":"Brie de cabra Can Xicoy, cremoso, con corteza blanca y sabor delicado. Un queso elegante elaborado con leche de cabra en Arenys de Munt.","robots":{"index":"index","follow":"follow","max-snippet":"max-snippet:-1","max-image-preview":"max-image-preview:large","max-video-preview":"max-video-preview:-1"},"canonical":"https:\/\/canvives.cat\/es\/tienda\/can-xicoy-brie-de-cabra-unidad\/","og_locale":"es_ES","og_type":"article","og_title":"Brie de cabra de Can Xicoy (Unitat)","og_description":"Brie de cabra de Can Xicoy, crem\u00f3s amb escor\u00e7a blanca i sabor delicat. Formatge elegant elaborat amb llet de cabra a Arenys de Munts.","og_url":"https:\/\/canvives.cat\/es\/tienda\/can-xicoy-brie-de-cabra-unidad\/","og_site_name":"Can Vives carnissers des de 1840","article_publisher":"https:\/\/www.facebook.com\/CanVivesCalella","article_modified_time":"2026-04-27T10:30:47+00:00","og_image":[{"width":1536,"height":1024,"url":"https:\/\/canvives.cat\/wp-content\/uploads\/1000041206.png","type":"image\/png"}],"twitter_card":"summary_large_image","twitter_misc":{"Precio":"11,00&nbsp;&euro; IVA Incl\u00f2s","Disponibilidad":"Disponible"},"schema":{"@context":"https:\/\/schema.org","@graph":[{"@type":"WebPage","@id":"https:\/\/canvives.cat\/botiga\/brie-de-cabra-de-can-xicoy-unitat\/","url":"https:\/\/canvives.cat\/botiga\/brie-de-cabra-de-can-xicoy-unitat\/","name":"Queso de cabra Can Xicoy (unidad) - Carnicer\u00eda Can Vives desde 1840","isPartOf":{"@id":"https:\/\/canvives.cat\/#website"},"primaryImageOfPage":{"@id":"https:\/\/canvives.cat\/botiga\/brie-de-cabra-de-can-xicoy-unitat\/#primaryimage"},"image":{"@id":"https:\/\/canvives.cat\/botiga\/brie-de-cabra-de-can-xicoy-unitat\/#primaryimage"},"thumbnailUrl":"https:\/\/canvives.cat\/wp-content\/uploads\/1000041206.png","datePublished":"2026-03-08T15:34:22+00:00","dateModified":"2026-04-27T10:30:47+00:00","description":"Brie de cabra Can Xicoy, cremoso, con corteza blanca y sabor delicado. Un queso elegante elaborado con leche de cabra en Arenys de Munt.","breadcrumb":{"@id":"https:\/\/canvives.cat\/botiga\/brie-de-cabra-de-can-xicoy-unitat\/#breadcrumb"},"inLanguage":"es","potentialAction":[{"@type":"ReadAction","target":["https:\/\/canvives.cat\/botiga\/brie-de-cabra-de-can-xicoy-unitat\/"]}]},{"@type":"ImageObject","inLanguage":"es","@id":"https:\/\/canvives.cat\/botiga\/brie-de-cabra-de-can-xicoy-unitat\/#primaryimage","url":"https:\/\/canvives.cat\/wp-content\/uploads\/1000041206.png","contentUrl":"https:\/\/canvives.cat\/wp-content\/uploads\/1000041206.png","width":1536,"height":1024},{"@type":"BreadcrumbList","@id":"https:\/\/canvives.cat\/botiga\/brie-de-cabra-de-can-xicoy-unitat\/#breadcrumb","itemListElement":[{"@type":"ListItem","position":1,"name":"Portada","item":"https:\/\/canvives.cat\/"},{"@type":"ListItem","position":2,"name":"Botiga","item":"https:\/\/canvives.cat\/botiga\/"},{"@type":"ListItem","position":3,"name":"Brie de cabra de Can Xicoy (Unitat)"}]},{"@type":"WebSite","@id":"https:\/\/canvives.cat\/#website","url":"https:\/\/canvives.cat\/","name":"Can Vives carniceros desde 1840","description":"La carniceria-asador con m\u00e1s a\u00f1os de historia en Calella y una de las m\u00e1s antiguas de Catalu\u00f1a. Venta en tienda y online de todo tipo de carnes, embutidos, quesos y platos preparados. Somos carniceros, charcuteros y asadores.","publisher":{"@id":"https:\/\/canvives.cat\/#organization"},"alternateName":"Can Vives Calella","potentialAction":[{"@type":"SearchAction","target":{"@type":"EntryPoint","urlTemplate":"https:\/\/canvives.cat\/?s={search_term_string}"},"query-input":{"@type":"PropertyValueSpecification","valueRequired":true,"valueName":"search_term_string"}}],"inLanguage":"es"},{"@type":["Organization","Place"],"@id":"https:\/\/canvives.cat\/#organization","name":"Carnicer\u00eda y Asador Can Vives","alternateName":"Can Vives Calella","url":"https:\/\/canvives.cat\/","logo":{"@id":"https:\/\/canvives.cat\/botiga\/brie-de-cabra-de-can-xicoy-unitat\/#local-main-organization-logo"},"image":{"@id":"https:\/\/canvives.cat\/botiga\/brie-de-cabra-de-can-xicoy-unitat\/#local-main-organization-logo"},"sameAs":["https:\/\/www.facebook.com\/CanVivesCalella","https:\/\/www.instagram.com\/canvivescalella\/","https:\/\/www.tiktok.com\/@can.vives.calella"],"description":"\"Carnes, platos caseros, embutidos de calidad y especialidades propias, vinos y cavas, delicatessen y quesos. La carnicer\\u00eda con m\\u00e1s historia de Calella y una de las m\\u00e1s antiguas de Catalu\\u00f1a. Somos un negocio tradicional y elaboramos nuestras propias carnes cocidas, hamburguesas, salchichas, croquetas, embutidos como fuet, longaniza, lomos curados...\"","legalName":"VIVES CLOS C.B.","foundingDate":"1840-04-25","numberOfEmployees":{"@type":"QuantitativeValue","minValue":"1","maxValue":"10"},"address":{"@id":"https:\/\/canvives.cat\/botiga\/brie-de-cabra-de-can-xicoy-unitat\/#local-main-place-address"},"telephone":["937690224"],"contactPoint":{"@type":"ContactPoint","telephone":"662965320","email":"canvives@canvives.cat"},"openingHoursSpecification":[{"@type":"OpeningHoursSpecification","dayOfWeek":["Monday","Tuesday","Wednesday","Thursday","Friday","Saturday","Sunday"],"opens":"09:00","closes":"17:00"}],"email":"canvives@canvives.cat","vatID":"E60450871"},{"@type":"PostalAddress","@id":"https:\/\/canvives.cat\/botiga\/brie-de-cabra-de-can-xicoy-unitat\/#local-main-place-address","streetAddress":"Calle Sant Joan 89","addressLocality":"Calella","postalCode":"08370","addressRegion":"Barcelona","addressCountry":"ES"},{"@type":"ImageObject","inLanguage":"es","@id":"https:\/\/canvives.cat\/botiga\/brie-de-cabra-de-can-xicoy-unitat\/#local-main-organization-logo","url":"https:\/\/canvives.cat\/wp-content\/uploads\/logopng512.png","contentUrl":"https:\/\/canvives.cat\/wp-content\/uploads\/logopng512.png","width":512,"height":512,"caption":"Carnisseria Rostisseria Can Vives"}]},"product_price_amount":"11.00","product_price_currency":"EUR","og_availability":"instock","product_availability":"instock","product_retailer_item_id":"1058","product_condition":"new","geo.placename":"Calella","geo.region":"Espa\u00f1a"},"uagb_featured_image_src":{"full":["https:\/\/canvives.cat\/wp-content\/uploads\/1000041206.png",1536,1024,false],"thumbnail":["https:\/\/canvives.cat\/wp-content\/uploads\/1000041206-300x300.png",300,300,true],"medium":["https:\/\/canvives.cat\/wp-content\/uploads\/1000041206-600x400.png",600,400,true],"medium_large":["https:\/\/canvives.cat\/wp-content\/uploads\/1000041206-768x512.png",768,512,true],"large":["https:\/\/canvives.cat\/wp-content\/uploads\/1000041206.png",1536,1024,false],"1536x1536":["https:\/\/canvives.cat\/wp-content\/uploads\/1000041206.png",1536,1024,false],"2048x2048":["https:\/\/canvives.cat\/wp-content\/uploads\/1000041206.png",1536,1024,false],"trp-custom-language-flag":["https:\/\/canvives.cat\/wp-content\/uploads\/1000041206-18x12.png",18,12,true],"woocommerce_thumbnail":["https:\/\/canvives.cat\/wp-content\/uploads\/1000041206-300x300.png",300,300,true],"woocommerce_single":["https:\/\/canvives.cat\/wp-content\/uploads\/1000041206-600x400.png",600,400,true],"woocommerce_gallery_thumbnail":["https:\/\/canvives.cat\/wp-content\/uploads\/1000041206-100x100.png",100,100,true]},"uagb_author_info":{"display_name":"Administrador de Can Vives","author_link":"https:\/\/canvives.cat\/es\/author\/"},"uagb_comment_info":0,"uagb_excerpt":"Unitats","_links":{"self":[{"href":"https:\/\/canvives.cat\/es\/wp-json\/wp\/v2\/product\/231503","targetHints":{"allow":["GET"]}}],"collection":[{"href":"https:\/\/canvives.cat\/es\/wp-json\/wp\/v2\/product"}],"about":[{"href":"https:\/\/canvives.cat\/es\/wp-json\/wp\/v2\/types\/product"}],"replies":[{"embeddable":true,"href":"https:\/\/canvives.cat\/es\/wp-json\/wp\/v2\/comments?post=231503"}],"wp:featuredmedia":[{"embeddable":true,"href":"https:\/\/canvives.cat\/es\/wp-json\/wp\/v2\/media\/231502"}],"wp:attachment":[{"href":"https:\/\/canvives.cat\/es\/wp-json\/wp\/v2\/media?parent=231503"}],"wp:term":[{"taxonomy":"product_brand","embeddable":true,"href":"https:\/\/canvives.cat\/es\/wp-json\/wp\/v2\/product_brand?post=231503"},{"taxonomy":"product_cat","embeddable":true,"href":"https:\/\/canvives.cat\/es\/wp-json\/wp\/v2\/product_cat?post=231503"},{"taxonomy":"product_tag","embeddable":true,"href":"https:\/\/canvives.cat\/es\/wp-json\/wp\/v2\/product_tag?post=231503"}],"curies":[{"name":"wp","href":"https:\/\/api.w.org\/{rel}","templated":true}]}}