{"id":231413,"date":"2026-03-01T16:14:37","date_gmt":"2026-03-01T15:14:37","guid":{"rendered":"https:\/\/canvives.cat\/?post_type=product&#038;p=231413"},"modified":"2026-04-01T19:57:48","modified_gmt":"2026-04-01T17:57:48","slug":"bodega-brut-stars","status":"publish","type":"product","link":"https:\/\/canvives.cat\/es\/botiga\/cava-brut-stars\/","title":{"rendered":"Brut \u201cEstrellas\u201d"},"content":{"rendered":"<p data-start=\"111\" data-end=\"149\"><strong data-start=\"111\" data-end=\"135\">Denominaci\u00f3n de Origen<\/strong><br data-start=\"135\" data-end=\"138\" \/>D.O. Cava<\/p>\n<p data-start=\"151\" data-end=\"174\"><strong data-start=\"151\" data-end=\"161\">Bodega<\/strong><br data-start=\"161\" data-end=\"164\" \/>Perelada<\/p>\n<p data-start=\"176\" data-end=\"195\"><strong data-start=\"176\" data-end=\"186\">Vintage<\/strong><br data-start=\"186\" data-end=\"189\" \/>2020<\/p>\n<p data-start=\"197\" data-end=\"276\"><strong data-start=\"197\" data-end=\"218\">Variedades de uva<\/strong><br data-start=\"218\" data-end=\"221\" \/>Xarel\u00b7lo, Macabeu, Parellada, Chardonnay y Pinot Noir<\/p>\n<p data-start=\"278\" data-end=\"315\"><strong data-start=\"278\" data-end=\"293\">Tipo de vino<\/strong><br data-start=\"293\" data-end=\"296\" \/>Cava Brut Reserva<\/p>\n<p data-start=\"317\" data-end=\"333\"><strong data-start=\"317\" data-end=\"331\">Producci\u00f3n<\/strong><\/p>\n<ul data-start=\"334\" data-end=\"733\">\n<li data-start=\"334\" data-end=\"390\">\n<p data-start=\"336\" data-end=\"390\">Cosecha seleccionada de nuestros propios vi\u00f1edos y vi\u00f1edos controlados.<\/p>\n<\/li>\n<li data-start=\"391\" data-end=\"478\">\n<p data-start=\"393\" data-end=\"478\">Vinificaci\u00f3n separada de cada variedad con prensado suave para obtener el mosto flor.<\/p>\n<\/li>\n<li data-start=\"479\" data-end=\"550\">\n<p data-start=\"481\" data-end=\"550\">Fermentaci\u00f3n en dep\u00f3sitos de acero inoxidable a temperatura controlada.<\/p>\n<\/li>\n<li data-start=\"551\" data-end=\"614\">\n<p data-start=\"553\" data-end=\"614\">Segunda fermentaci\u00f3n en botella seg\u00fan el m\u00e9todo tradicional.<\/p>\n<\/li>\n<li data-start=\"615\" data-end=\"733\">\n<p data-start=\"617\" data-end=\"733\">Una crianza m\u00ednima de 15 meses sobre l\u00edas, t\u00edpica de la categor\u00eda Reserva, que aporta complejidad y finura a las burbujas.<\/p>\n<\/li>\n<\/ul>\n<p data-start=\"735\" data-end=\"753\"><strong data-start=\"735\" data-end=\"751\">Nota de cata<\/strong><\/p>\n<ul data-start=\"754\" data-end=\"1119\">\n<li data-start=\"754\" data-end=\"852\">\n<p data-start=\"756\" data-end=\"852\"><strong data-start=\"756\" data-end=\"766\">Ver:<\/strong> Color amarillo p\u00e1lido con reflejos dorados. Burbujas finas, persistentes y bien integradas.<\/p>\n<\/li>\n<li data-start=\"853\" data-end=\"985\">\n<p data-start=\"855\" data-end=\"985\"><strong data-start=\"855\" data-end=\"863\">Nariz:<\/strong> Aromas de frutas blancas y c\u00edtricas, notas florales y ligeros toques de pasteler\u00eda y frutos secos derivados del envejecimiento.<\/p>\n<\/li>\n<li data-start=\"986\" data-end=\"1119\">\n<p data-start=\"988\" data-end=\"1119\"><strong data-start=\"988\" data-end=\"997\">Sabor:<\/strong> Entrada fresca y equilibrada, con buena estructura. Acidez carb\u00f3nica fina y cremosa, elegante en el paladar y final seco con buena persistencia.<\/p>\n<\/li>\n<\/ul>\n<p data-start=\"1121\" data-end=\"1303\"><strong data-start=\"1121\" data-end=\"1144\">Maridaje recomendado<\/strong><br data-start=\"1144\" data-end=\"1147\" \/>Ideal como aperitivo y perfecto para acompa\u00f1ar mariscos, pescados, arroces, sushi, carnes blancas y tambi\u00e9n quesos suaves. Adecuado para celebraciones y comidas completas.<\/p>\n<p data-start=\"1305\" data-end=\"1360\"><strong data-start=\"1305\" data-end=\"1330\">Temperatura de servicio<\/strong><br data-start=\"1330\" data-end=\"1333\" \/>Servir entre 6 \u00b0C y 8 \u00b0C.<\/p>\n<p data-start=\"1362\" data-end=\"1419\"><strong data-start=\"1362\" data-end=\"1386\">Contenido de alcohol<\/strong><br data-start=\"1386\" data-end=\"1389\" \/>Aproximadamente 11,5-121 TP3T vol.<\/p>\n<p data-start=\"1421\" data-end=\"1523\"><strong data-start=\"1421\" data-end=\"1444\">Potencial de guardi\u00e1n<\/strong><br data-start=\"1444\" data-end=\"1447\" \/>Apto para consumir ahora o guardar en bodega durante 2-3 a\u00f1os para desarrollar matices de envejecimiento.<\/p>","protected":false},"excerpt":{"rendered":"<p>Botellas<\/p>","protected":false},"featured_media":231412,"comment_status":"closed","ping_status":"closed","template":"","meta":{"_editorskit_title_hidden":false,"_editorskit_reading_time":0,"_editorskit_is_block_options_detached":false,"_editorskit_block_options_position":"{}","_uag_custom_page_level_css":"","_kadence_starter_templates_imported_post":false,"_kad_post_transparent":"default","_kad_post_title":"","_kad_post_layout":"default","_kad_post_sidebar_id":"","_kad_post_content_style":"default","_kad_post_vertical_padding":"default","_kad_post_feature":"","_kad_post_feature_position":"","_kad_post_header":false,"_kad_post_footer":false,"_kad_post_classname":""},"product_brand":[],"product_cat":[532,536],"product_tag":[2610],"class_list":{"0":"post-231413","1":"product","2":"type-product","3":"status-publish","4":"has-post-thumbnail","6":"product_cat-altres-fabricants","7":"product_cat-vins-caves-i-licors","8":"product_tag-cava","10":"first","11":"instock","12":"taxable","13":"shipping-taxable","14":"purchasable","15":"product-type-simple","16":"entry","17":"content-bg","18":"loop-entry"},"yoast_head":"<!-- This site is optimized with the Yoast SEO Premium plugin v27.4 (Yoast SEO v27.4) - https:\/\/yoast.com\/product\/yoast-seo-premium-wordpress\/ -->\n<title>Cava brut &quot;Stars&quot; - Can Vives carnissers des de 1840<\/title>\n<meta name=\"description\" content=\"Stars Brut Reserva 2020 Perelada. Cava amb 5 varietats, bombolla fina, fresc i elegant. Ideal per aperitius i celebracions.\" \/>\n<meta name=\"robots\" content=\"index, follow, max-snippet:-1, max-image-preview:large, max-video-preview:-1\" \/>\n<link rel=\"canonical\" href=\"https:\/\/canvives.cat\/es\/tienda\/bodega-brut-stars\/\" \/>\n<meta property=\"og:locale\" content=\"es_ES\" \/>\n<meta property=\"og:type\" content=\"article\" \/>\n<meta property=\"og:title\" content=\"Cava brut &quot;Stars&quot;\" \/>\n<meta property=\"og:description\" content=\"Stars Brut Reserva 2020 Perelada. Cava amb 5 varietats, bombolla fina, fresc i elegant. Ideal per aperitius i celebracions.\" \/>\n<meta property=\"og:url\" content=\"https:\/\/canvives.cat\/es\/tienda\/bodega-brut-stars\/\" \/>\n<meta property=\"og:site_name\" content=\"Can Vives carnissers des de 1840\" \/>\n<meta property=\"article:publisher\" content=\"https:\/\/www.facebook.com\/CanVivesCalella\" \/>\n<meta property=\"article:modified_time\" content=\"2026-04-01T17:57:48+00:00\" \/>\n<meta property=\"og:image\" content=\"https:\/\/canvives.cat\/wp-content\/uploads\/1000040116.png\" \/>\n\t<meta property=\"og:image:width\" content=\"1024\" \/>\n\t<meta property=\"og:image:height\" content=\"1536\" \/>\n\t<meta property=\"og:image:type\" content=\"image\/png\" \/>\n<meta name=\"twitter:card\" content=\"summary_large_image\" \/>\n<meta name=\"twitter:label1\" content=\"Precio\" \/>\n\t<meta name=\"twitter:data1\" content=\"12,60&nbsp;&euro; IVA Incl\u00f2s\" \/>\n\t<meta name=\"twitter:label2\" content=\"Disponibilidad\" \/>\n\t<meta name=\"twitter:data2\" content=\"Disponible\" \/>\n<script type=\"application\/ld+json\" class=\"yoast-schema-graph\">{\"@context\":\"https:\\\/\\\/schema.org\",\"@graph\":[{\"@type\":\"WebPage\",\"@id\":\"https:\\\/\\\/canvives.cat\\\/botiga\\\/cava-brut-stars\\\/\",\"url\":\"https:\\\/\\\/canvives.cat\\\/botiga\\\/cava-brut-stars\\\/\",\"name\":\"Cava brut \\\"Stars\\\" - Can Vives carnissers des de 1840\",\"isPartOf\":{\"@id\":\"https:\\\/\\\/canvives.cat\\\/#website\"},\"primaryImageOfPage\":{\"@id\":\"https:\\\/\\\/canvives.cat\\\/botiga\\\/cava-brut-stars\\\/#primaryimage\"},\"image\":{\"@id\":\"https:\\\/\\\/canvives.cat\\\/botiga\\\/cava-brut-stars\\\/#primaryimage\"},\"thumbnailUrl\":\"https:\\\/\\\/canvives.cat\\\/wp-content\\\/uploads\\\/1000040116.png\",\"datePublished\":\"2026-03-01T15:14:37+00:00\",\"dateModified\":\"2026-04-01T17:57:48+00:00\",\"description\":\"Stars Brut Reserva 2020 Perelada. Cava amb 5 varietats, bombolla fina, fresc i elegant. Ideal per aperitius i celebracions.\",\"breadcrumb\":{\"@id\":\"https:\\\/\\\/canvives.cat\\\/botiga\\\/cava-brut-stars\\\/#breadcrumb\"},\"inLanguage\":\"es\",\"potentialAction\":[{\"@type\":\"ReadAction\",\"target\":[\"https:\\\/\\\/canvives.cat\\\/botiga\\\/cava-brut-stars\\\/\"]}]},{\"@type\":\"ImageObject\",\"inLanguage\":\"es\",\"@id\":\"https:\\\/\\\/canvives.cat\\\/botiga\\\/cava-brut-stars\\\/#primaryimage\",\"url\":\"https:\\\/\\\/canvives.cat\\\/wp-content\\\/uploads\\\/1000040116.png\",\"contentUrl\":\"https:\\\/\\\/canvives.cat\\\/wp-content\\\/uploads\\\/1000040116.png\",\"width\":1024,\"height\":1536},{\"@type\":\"BreadcrumbList\",\"@id\":\"https:\\\/\\\/canvives.cat\\\/botiga\\\/cava-brut-stars\\\/#breadcrumb\",\"itemListElement\":[{\"@type\":\"ListItem\",\"position\":1,\"name\":\"Portada\",\"item\":\"https:\\\/\\\/canvives.cat\\\/\"},{\"@type\":\"ListItem\",\"position\":2,\"name\":\"Botiga\",\"item\":\"https:\\\/\\\/canvives.cat\\\/botiga\\\/\"},{\"@type\":\"ListItem\",\"position\":3,\"name\":\"Cava brut \u00abStars\u00bb\"}]},{\"@type\":\"WebSite\",\"@id\":\"https:\\\/\\\/canvives.cat\\\/#website\",\"url\":\"https:\\\/\\\/canvives.cat\\\/\",\"name\":\"Can Vives carnissers des de 1840\",\"description\":\"La carnisseria-rostisseria amb m\u00e9s anys d&#039;hist\u00f2ria a Calella i una de les m\u00e9s antigues de Catalunya. Venda a botiga i online de tot tipus de carns, embotits, formatges i plats cuinats. Som carnissers, xarcuters i rostissers.\",\"publisher\":{\"@id\":\"https:\\\/\\\/canvives.cat\\\/#organization\"},\"alternateName\":\"Can Vives Calella\",\"potentialAction\":[{\"@type\":\"SearchAction\",\"target\":{\"@type\":\"EntryPoint\",\"urlTemplate\":\"https:\\\/\\\/canvives.cat\\\/?s={search_term_string}\"},\"query-input\":{\"@type\":\"PropertyValueSpecification\",\"valueRequired\":true,\"valueName\":\"search_term_string\"}}],\"inLanguage\":\"es\"},{\"@type\":[\"Organization\",\"Place\"],\"@id\":\"https:\\\/\\\/canvives.cat\\\/#organization\",\"name\":\"Carnisseria Rostisseria Can Vives\",\"alternateName\":\"Can Vives Calella\",\"url\":\"https:\\\/\\\/canvives.cat\\\/\",\"logo\":{\"@id\":\"https:\\\/\\\/canvives.cat\\\/botiga\\\/cava-brut-stars\\\/#local-main-organization-logo\"},\"image\":{\"@id\":\"https:\\\/\\\/canvives.cat\\\/botiga\\\/cava-brut-stars\\\/#local-main-organization-logo\"},\"sameAs\":[\"https:\\\/\\\/www.facebook.com\\\/CanVivesCalella\",\"https:\\\/\\\/www.instagram.com\\\/canvivescalella\\\/\",\"https:\\\/\\\/www.tiktok.com\\\/@can.vives.calella\"],\"description\":\"\\\"Carns, plats cuinats casolans, embotits de qualitat i elaboraci\u00f3 pr\u00f2pia, vins i caves, delicatessen i formatges. La carnisseria amb m\u00e9s anys d'hist\u00f2ria a Calella i una de les m\u00e9s antigues de Catalunya. Comer\u00e7 tradicional Elaborem els nostres cuinats, hamburgueses, botifarres, croquetes, embotits curats com fuets, llonganisses, lloms curats...\\\"\",\"legalName\":\"VIVES CLOS C.B.\",\"foundingDate\":\"1840-04-25\",\"numberOfEmployees\":{\"@type\":\"QuantitativeValue\",\"minValue\":\"1\",\"maxValue\":\"10\"},\"address\":{\"@id\":\"https:\\\/\\\/canvives.cat\\\/botiga\\\/cava-brut-stars\\\/#local-main-place-address\"},\"telephone\":[\"937690224\"],\"contactPoint\":{\"@type\":\"ContactPoint\",\"telephone\":\"662965320\",\"email\":\"canvives@canvives.cat\"},\"openingHoursSpecification\":[{\"@type\":\"OpeningHoursSpecification\",\"dayOfWeek\":[\"Monday\",\"Tuesday\",\"Wednesday\",\"Thursday\",\"Friday\",\"Saturday\",\"Sunday\"],\"opens\":\"09:00\",\"closes\":\"17:00\"}],\"email\":\"canvives@canvives.cat\",\"vatID\":\"E60450871\"},{\"@type\":\"PostalAddress\",\"@id\":\"https:\\\/\\\/canvives.cat\\\/botiga\\\/cava-brut-stars\\\/#local-main-place-address\",\"streetAddress\":\"Calle Sant Joan 89\",\"addressLocality\":\"Calella\",\"postalCode\":\"08370\",\"addressRegion\":\"Barcelona\",\"addressCountry\":\"ES\"},{\"@type\":\"ImageObject\",\"inLanguage\":\"es\",\"@id\":\"https:\\\/\\\/canvives.cat\\\/botiga\\\/cava-brut-stars\\\/#local-main-organization-logo\",\"url\":\"https:\\\/\\\/canvives.cat\\\/wp-content\\\/uploads\\\/logopng512.png\",\"contentUrl\":\"https:\\\/\\\/canvives.cat\\\/wp-content\\\/uploads\\\/logopng512.png\",\"width\":512,\"height\":512,\"caption\":\"Carnisseria Rostisseria Can Vives\"}]}<\/script>\n<meta property=\"product:price:amount\" content=\"12.60\" \/>\n<meta property=\"product:price:currency\" content=\"EUR\" \/>\n<meta property=\"og:availability\" content=\"instock\" \/>\n<meta property=\"product:availability\" content=\"instock\" \/>\n<meta property=\"product:retailer_item_id\" content=\"8410743700952\" \/>\n<meta property=\"product:condition\" content=\"new\" \/>\n<meta name=\"geo.placename\" content=\"Calella\" \/>\n<meta name=\"geo.region\" content=\"Espa\u00f1a\" \/>\n<!-- \/ Yoast SEO Premium plugin. -->","yoast_head_json":{"title":"Cava Brut \"Stars\" - Carnicer\u00eda Can Vives desde 1840","description":"Stars Brut Reserva 2020 Perelada. Un cava con 5 variedades, burbujas finas, fresco y elegante. Ideal para aperitivos y celebraciones.","robots":{"index":"index","follow":"follow","max-snippet":"max-snippet:-1","max-image-preview":"max-image-preview:large","max-video-preview":"max-video-preview:-1"},"canonical":"https:\/\/canvives.cat\/es\/tienda\/bodega-brut-stars\/","og_locale":"es_ES","og_type":"article","og_title":"Cava brut \"Stars\"","og_description":"Stars Brut Reserva 2020 Perelada. Cava amb 5 varietats, bombolla fina, fresc i elegant. Ideal per aperitius i celebracions.","og_url":"https:\/\/canvives.cat\/es\/tienda\/bodega-brut-stars\/","og_site_name":"Can Vives carnissers des de 1840","article_publisher":"https:\/\/www.facebook.com\/CanVivesCalella","article_modified_time":"2026-04-01T17:57:48+00:00","og_image":[{"width":1024,"height":1536,"url":"https:\/\/canvives.cat\/wp-content\/uploads\/1000040116.png","type":"image\/png"}],"twitter_card":"summary_large_image","twitter_misc":{"Precio":"12,60&nbsp;&euro; IVA Incl\u00f2s","Disponibilidad":"Disponible"},"schema":{"@context":"https:\/\/schema.org","@graph":[{"@type":"WebPage","@id":"https:\/\/canvives.cat\/botiga\/cava-brut-stars\/","url":"https:\/\/canvives.cat\/botiga\/cava-brut-stars\/","name":"Cava Brut \"Stars\" - Carnicer\u00eda Can Vives desde 1840","isPartOf":{"@id":"https:\/\/canvives.cat\/#website"},"primaryImageOfPage":{"@id":"https:\/\/canvives.cat\/botiga\/cava-brut-stars\/#primaryimage"},"image":{"@id":"https:\/\/canvives.cat\/botiga\/cava-brut-stars\/#primaryimage"},"thumbnailUrl":"https:\/\/canvives.cat\/wp-content\/uploads\/1000040116.png","datePublished":"2026-03-01T15:14:37+00:00","dateModified":"2026-04-01T17:57:48+00:00","description":"Stars Brut Reserva 2020 Perelada. Un cava con 5 variedades, burbujas finas, fresco y elegante. Ideal para aperitivos y celebraciones.","breadcrumb":{"@id":"https:\/\/canvives.cat\/botiga\/cava-brut-stars\/#breadcrumb"},"inLanguage":"es","potentialAction":[{"@type":"ReadAction","target":["https:\/\/canvives.cat\/botiga\/cava-brut-stars\/"]}]},{"@type":"ImageObject","inLanguage":"es","@id":"https:\/\/canvives.cat\/botiga\/cava-brut-stars\/#primaryimage","url":"https:\/\/canvives.cat\/wp-content\/uploads\/1000040116.png","contentUrl":"https:\/\/canvives.cat\/wp-content\/uploads\/1000040116.png","width":1024,"height":1536},{"@type":"BreadcrumbList","@id":"https:\/\/canvives.cat\/botiga\/cava-brut-stars\/#breadcrumb","itemListElement":[{"@type":"ListItem","position":1,"name":"Portada","item":"https:\/\/canvives.cat\/"},{"@type":"ListItem","position":2,"name":"Botiga","item":"https:\/\/canvives.cat\/botiga\/"},{"@type":"ListItem","position":3,"name":"Cava brut \u00abStars\u00bb"}]},{"@type":"WebSite","@id":"https:\/\/canvives.cat\/#website","url":"https:\/\/canvives.cat\/","name":"Can Vives carniceros desde 1840","description":"La carniceria-asador con m\u00e1s a\u00f1os de historia en Calella y una de las m\u00e1s antiguas de Catalu\u00f1a. Venta en tienda y online de todo tipo de carnes, embutidos, quesos y platos preparados. Somos carniceros, charcuteros y asadores.","publisher":{"@id":"https:\/\/canvives.cat\/#organization"},"alternateName":"Can Vives Calella","potentialAction":[{"@type":"SearchAction","target":{"@type":"EntryPoint","urlTemplate":"https:\/\/canvives.cat\/?s={search_term_string}"},"query-input":{"@type":"PropertyValueSpecification","valueRequired":true,"valueName":"search_term_string"}}],"inLanguage":"es"},{"@type":["Organization","Place"],"@id":"https:\/\/canvives.cat\/#organization","name":"Carnicer\u00eda y Asador Can Vives","alternateName":"Can Vives Calella","url":"https:\/\/canvives.cat\/","logo":{"@id":"https:\/\/canvives.cat\/botiga\/cava-brut-stars\/#local-main-organization-logo"},"image":{"@id":"https:\/\/canvives.cat\/botiga\/cava-brut-stars\/#local-main-organization-logo"},"sameAs":["https:\/\/www.facebook.com\/CanVivesCalella","https:\/\/www.instagram.com\/canvivescalella\/","https:\/\/www.tiktok.com\/@can.vives.calella"],"description":"\"Carnes, platos caseros, embutidos de calidad y especialidades propias, vinos y cavas, delicatessen y quesos. La carnicer\\u00eda con m\\u00e1s historia de Calella y una de las m\\u00e1s antiguas de Catalu\\u00f1a. Somos un negocio tradicional y elaboramos nuestras propias carnes cocidas, hamburguesas, salchichas, croquetas, embutidos como fuet, longaniza, lomos curados...\"","legalName":"VIVES CLOS C.B.","foundingDate":"1840-04-25","numberOfEmployees":{"@type":"QuantitativeValue","minValue":"1","maxValue":"10"},"address":{"@id":"https:\/\/canvives.cat\/botiga\/cava-brut-stars\/#local-main-place-address"},"telephone":["937690224"],"contactPoint":{"@type":"ContactPoint","telephone":"662965320","email":"canvives@canvives.cat"},"openingHoursSpecification":[{"@type":"OpeningHoursSpecification","dayOfWeek":["Monday","Tuesday","Wednesday","Thursday","Friday","Saturday","Sunday"],"opens":"09:00","closes":"17:00"}],"email":"canvives@canvives.cat","vatID":"E60450871"},{"@type":"PostalAddress","@id":"https:\/\/canvives.cat\/botiga\/cava-brut-stars\/#local-main-place-address","streetAddress":"Calle Sant Joan 89","addressLocality":"Calella","postalCode":"08370","addressRegion":"Barcelona","addressCountry":"ES"},{"@type":"ImageObject","inLanguage":"es","@id":"https:\/\/canvives.cat\/botiga\/cava-brut-stars\/#local-main-organization-logo","url":"https:\/\/canvives.cat\/wp-content\/uploads\/logopng512.png","contentUrl":"https:\/\/canvives.cat\/wp-content\/uploads\/logopng512.png","width":512,"height":512,"caption":"Carnisseria Rostisseria Can Vives"}]},"product_price_amount":"12.60","product_price_currency":"EUR","og_availability":"instock","product_availability":"instock","product_retailer_item_id":"8410743700952","product_condition":"new","geo.placename":"Calella","geo.region":"Espa\u00f1a"},"uagb_featured_image_src":{"full":["https:\/\/canvives.cat\/wp-content\/uploads\/1000040116.png",1024,1536,false],"thumbnail":["https:\/\/canvives.cat\/wp-content\/uploads\/1000040116-300x300.png",300,300,true],"medium":["https:\/\/canvives.cat\/wp-content\/uploads\/1000040116-400x600.png",400,600,true],"medium_large":["https:\/\/canvives.cat\/wp-content\/uploads\/1000040116-768x1152.png",768,1152,true],"large":["https:\/\/canvives.cat\/wp-content\/uploads\/1000040116-720x1080.png",720,1080,true],"1536x1536":["https:\/\/canvives.cat\/wp-content\/uploads\/1000040116.png",1024,1536,false],"2048x2048":["https:\/\/canvives.cat\/wp-content\/uploads\/1000040116.png",1024,1536,false],"trp-custom-language-flag":["https:\/\/canvives.cat\/wp-content\/uploads\/1000040116-8x12.png",8,12,true],"woocommerce_thumbnail":["https:\/\/canvives.cat\/wp-content\/uploads\/1000040116-300x300.png",300,300,true],"woocommerce_single":["https:\/\/canvives.cat\/wp-content\/uploads\/1000040116-600x900.png",600,900,true],"woocommerce_gallery_thumbnail":["https:\/\/canvives.cat\/wp-content\/uploads\/1000040116-100x100.png",100,100,true]},"uagb_author_info":{"display_name":"Administrador de Can Vives","author_link":"https:\/\/canvives.cat\/es\/author\/"},"uagb_comment_info":0,"uagb_excerpt":"Ampolles","_links":{"self":[{"href":"https:\/\/canvives.cat\/es\/wp-json\/wp\/v2\/product\/231413","targetHints":{"allow":["GET"]}}],"collection":[{"href":"https:\/\/canvives.cat\/es\/wp-json\/wp\/v2\/product"}],"about":[{"href":"https:\/\/canvives.cat\/es\/wp-json\/wp\/v2\/types\/product"}],"replies":[{"embeddable":true,"href":"https:\/\/canvives.cat\/es\/wp-json\/wp\/v2\/comments?post=231413"}],"wp:featuredmedia":[{"embeddable":true,"href":"https:\/\/canvives.cat\/es\/wp-json\/wp\/v2\/media\/231412"}],"wp:attachment":[{"href":"https:\/\/canvives.cat\/es\/wp-json\/wp\/v2\/media?parent=231413"}],"wp:term":[{"taxonomy":"product_brand","embeddable":true,"href":"https:\/\/canvives.cat\/es\/wp-json\/wp\/v2\/product_brand?post=231413"},{"taxonomy":"product_cat","embeddable":true,"href":"https:\/\/canvives.cat\/es\/wp-json\/wp\/v2\/product_cat?post=231413"},{"taxonomy":"product_tag","embeddable":true,"href":"https:\/\/canvives.cat\/es\/wp-json\/wp\/v2\/product_tag?post=231413"}],"curies":[{"name":"wp","href":"https:\/\/api.w.org\/{rel}","templated":true}]}}