{"id":231382,"date":"2026-02-26T22:48:32","date_gmt":"2026-02-26T21:48:32","guid":{"rendered":"https:\/\/canvives.cat\/?post_type=product&#038;p=231382"},"modified":"2026-04-01T19:58:14","modified_gmt":"2026-04-01T17:58:14","slug":"pantera-rosa-rosado","status":"publish","type":"product","link":"https:\/\/canvives.cat\/es\/botiga\/vi-rosat-la-pantera-rosa\/","title":{"rendered":"Vino rosado \u201cLa Pantera Rosa\u201d"},"content":{"rendered":"<p data-start=\"42\" data-end=\"85\"><strong data-start=\"42\" data-end=\"66\">Denominaci\u00f3n de Origen<\/strong><br data-start=\"66\" data-end=\"69\" \/>Vino de Espa\u00f1a<\/p>\n<p data-start=\"87\" data-end=\"111\"><strong data-start=\"87\" data-end=\"97\">Bodega<\/strong><br data-start=\"97\" data-end=\"100\" \/>La Unidad<\/p>\n<p data-start=\"113\" data-end=\"141\"><strong data-start=\"113\" data-end=\"128\">Tipo de vino<\/strong><br data-start=\"128\" data-end=\"131\" \/>Vino rosado<\/p>\n<p data-start=\"143\" data-end=\"177\"><strong data-start=\"143\" data-end=\"164\">Variedades de uva<\/strong><br data-start=\"164\" data-end=\"167\" \/>Garnacha<\/p>\n<p data-start=\"179\" data-end=\"496\"><strong data-start=\"179\" data-end=\"193\">Producci\u00f3n<\/strong><br data-start=\"193\" data-end=\"196\" \/>Las uvas seleccionadas se someten a una breve maceraci\u00f3n con las pieles para conseguir un color atractivo y aromas intensos. La fermentaci\u00f3n se lleva a cabo en dep\u00f3sitos de acero inoxidable con control de temperatura para preservar la frescura y el perfil afrutado del vino. La vinificaci\u00f3n se centra en realzar el car\u00e1cter fresco, expresivo y desenfadado del vino.<\/p>\n<p data-start=\"498\" data-end=\"583\"><strong data-start=\"498\" data-end=\"509\">Ni\u00f1o<\/strong><br data-start=\"509\" data-end=\"512\" \/>Sin envejecimiento en barrica. Breve ajuste en dep\u00f3sito antes del embotellado.<\/p>\n<p data-start=\"585\" data-end=\"653\"><strong data-start=\"585\" data-end=\"603\">Contenido de alcohol<\/strong><br data-start=\"603\" data-end=\"606\" \/>12,5 vol. % (aproximadamente, puede variar seg\u00fan la a\u00f1ada).<\/p>\n<p data-start=\"655\" data-end=\"890\"><strong data-start=\"655\" data-end=\"671\">Nota de cata<\/strong><br data-start=\"671\" data-end=\"674\" \/>Color rosa brillante y vivo.<br data-start=\"700\" data-end=\"703\" \/>En nariz, ofrece aromas de fruta roja fresca (fresa, frambuesa) con sutiles matices florales.<br data-start=\"796\" data-end=\"799\" \/>En boca es fresco, ligero y equilibrado, con buena acidez y un final agradable y persistente.<\/p>\n<p data-start=\"892\" data-end=\"935\"><strong data-start=\"892\" data-end=\"917\">Temperatura de servicio<\/strong><br data-start=\"917\" data-end=\"920\" \/>Entre 6 y 8 \u00b0C.<\/p>\n<p data-start=\"937\" data-end=\"1069\"><strong data-start=\"937\" data-end=\"950\">Emparejamiento<\/strong><br data-start=\"950\" data-end=\"953\" \/>Ideal para aperitivos, arroces, pastas, ensaladas, pescados y carnes blancas. Tambi\u00e9n apto para cocinas informales y tapas.<\/p>\n<p data-start=\"1071\" data-end=\"1196\"><strong data-start=\"1071\" data-end=\"1094\">Posibilidad de custodia<\/strong><br data-start=\"1094\" data-end=\"1097\" \/>Se recomienda consumir joven, en el plazo de uno o dos a\u00f1os desde la vendimia, para disfrutar de su frescura.<\/p>\n<p data-start=\"1198\" data-end=\"1228\"><strong data-start=\"1198\" data-end=\"1208\">Formato<\/strong><br data-start=\"1208\" data-end=\"1211\" \/>Botella de 75 cl.<\/p>","protected":false},"excerpt":{"rendered":"<p>Botellas<\/p>","protected":false},"featured_media":231381,"comment_status":"closed","ping_status":"closed","template":"","meta":{"_editorskit_title_hidden":false,"_editorskit_reading_time":0,"_editorskit_is_block_options_detached":false,"_editorskit_block_options_position":"{}","_uag_custom_page_level_css":"","_kadence_starter_templates_imported_post":false,"_kad_post_transparent":"default","_kad_post_title":"","_kad_post_layout":"default","_kad_post_sidebar_id":"","_kad_post_content_style":"default","_kad_post_vertical_padding":"default","_kad_post_feature":"","_kad_post_feature_position":"","_kad_post_header":false,"_kad_post_footer":false,"_kad_post_classname":""},"product_brand":[],"product_cat":[532,536],"product_tag":[2612,2603],"class_list":{"0":"post-231382","1":"product","2":"type-product","3":"status-publish","4":"has-post-thumbnail","6":"product_cat-altres-fabricants","7":"product_cat-vins-caves-i-licors","8":"product_tag-vino-de-espana","9":"product_tag-vins-rosats","11":"first","12":"instock","13":"taxable","14":"shipping-taxable","15":"purchasable","16":"product-type-simple","17":"entry","18":"content-bg","19":"loop-entry"},"yoast_head":"<!-- This site is optimized with the Yoast SEO Premium plugin v27.4 (Yoast SEO v27.4) - https:\/\/yoast.com\/product\/yoast-seo-premium-wordpress\/ -->\n<title>Vi rosat &quot;La Pantera Rosa&quot; - Can Vives carnissers des de 1840<\/title>\n<meta name=\"description\" content=\"La Pantera Rosa rosat de La Unidad. Garnatxa fresca i afruitada, ideal per aperitius, arrossos i cuina mediterr\u00e0nia lleugera.\" \/>\n<meta name=\"robots\" content=\"index, follow, max-snippet:-1, max-image-preview:large, max-video-preview:-1\" \/>\n<link rel=\"canonical\" href=\"https:\/\/canvives.cat\/es\/tienda\/pantera-rosa-rosado\/\" \/>\n<meta property=\"og:locale\" content=\"es_ES\" \/>\n<meta property=\"og:type\" content=\"article\" \/>\n<meta property=\"og:title\" content=\"Vi rosat &quot;La Pantera Rosa&quot;\" \/>\n<meta property=\"og:description\" content=\"La Pantera Rosa rosat de La Unidad. Garnatxa fresca i afruitada, ideal per aperitius, arrossos i cuina mediterr\u00e0nia lleugera.\" \/>\n<meta property=\"og:url\" content=\"https:\/\/canvives.cat\/es\/tienda\/pantera-rosa-rosado\/\" \/>\n<meta property=\"og:site_name\" content=\"Can Vives carnissers des de 1840\" \/>\n<meta property=\"article:publisher\" content=\"https:\/\/www.facebook.com\/CanVivesCalella\" \/>\n<meta property=\"article:modified_time\" content=\"2026-04-01T17:58:14+00:00\" \/>\n<meta property=\"og:image\" content=\"https:\/\/canvives.cat\/wp-content\/uploads\/1000039761.png\" \/>\n\t<meta property=\"og:image:width\" content=\"1024\" \/>\n\t<meta property=\"og:image:height\" content=\"1536\" \/>\n\t<meta property=\"og:image:type\" content=\"image\/png\" \/>\n<meta name=\"twitter:card\" content=\"summary_large_image\" \/>\n<meta name=\"twitter:label1\" content=\"Precio\" \/>\n\t<meta name=\"twitter:data1\" content=\"9,70&nbsp;&euro; IVA Incl\u00f2s\" \/>\n\t<meta name=\"twitter:label2\" content=\"Disponibilidad\" \/>\n\t<meta name=\"twitter:data2\" content=\"Disponible\" \/>\n<script type=\"application\/ld+json\" class=\"yoast-schema-graph\">{\"@context\":\"https:\\\/\\\/schema.org\",\"@graph\":[{\"@type\":\"WebPage\",\"@id\":\"https:\\\/\\\/canvives.cat\\\/botiga\\\/vi-rosat-la-pantera-rosa\\\/\",\"url\":\"https:\\\/\\\/canvives.cat\\\/botiga\\\/vi-rosat-la-pantera-rosa\\\/\",\"name\":\"Vi rosat \\\"La Pantera Rosa\\\" - Can Vives carnissers des de 1840\",\"isPartOf\":{\"@id\":\"https:\\\/\\\/canvives.cat\\\/#website\"},\"primaryImageOfPage\":{\"@id\":\"https:\\\/\\\/canvives.cat\\\/botiga\\\/vi-rosat-la-pantera-rosa\\\/#primaryimage\"},\"image\":{\"@id\":\"https:\\\/\\\/canvives.cat\\\/botiga\\\/vi-rosat-la-pantera-rosa\\\/#primaryimage\"},\"thumbnailUrl\":\"https:\\\/\\\/canvives.cat\\\/wp-content\\\/uploads\\\/1000039761.png\",\"datePublished\":\"2026-02-26T21:48:32+00:00\",\"dateModified\":\"2026-04-01T17:58:14+00:00\",\"description\":\"La Pantera Rosa rosat de La Unidad. Garnatxa fresca i afruitada, ideal per aperitius, arrossos i cuina mediterr\u00e0nia lleugera.\",\"breadcrumb\":{\"@id\":\"https:\\\/\\\/canvives.cat\\\/botiga\\\/vi-rosat-la-pantera-rosa\\\/#breadcrumb\"},\"inLanguage\":\"es\",\"potentialAction\":[{\"@type\":\"ReadAction\",\"target\":[\"https:\\\/\\\/canvives.cat\\\/botiga\\\/vi-rosat-la-pantera-rosa\\\/\"]}]},{\"@type\":\"ImageObject\",\"inLanguage\":\"es\",\"@id\":\"https:\\\/\\\/canvives.cat\\\/botiga\\\/vi-rosat-la-pantera-rosa\\\/#primaryimage\",\"url\":\"https:\\\/\\\/canvives.cat\\\/wp-content\\\/uploads\\\/1000039761.png\",\"contentUrl\":\"https:\\\/\\\/canvives.cat\\\/wp-content\\\/uploads\\\/1000039761.png\",\"width\":1024,\"height\":1536},{\"@type\":\"BreadcrumbList\",\"@id\":\"https:\\\/\\\/canvives.cat\\\/botiga\\\/vi-rosat-la-pantera-rosa\\\/#breadcrumb\",\"itemListElement\":[{\"@type\":\"ListItem\",\"position\":1,\"name\":\"Portada\",\"item\":\"https:\\\/\\\/canvives.cat\\\/\"},{\"@type\":\"ListItem\",\"position\":2,\"name\":\"Botiga\",\"item\":\"https:\\\/\\\/canvives.cat\\\/botiga\\\/\"},{\"@type\":\"ListItem\",\"position\":3,\"name\":\"Vi rosat \u00abLa Pantera Rosa\u00bb\"}]},{\"@type\":\"WebSite\",\"@id\":\"https:\\\/\\\/canvives.cat\\\/#website\",\"url\":\"https:\\\/\\\/canvives.cat\\\/\",\"name\":\"Can Vives carnissers des de 1840\",\"description\":\"La carnisseria-rostisseria amb m\u00e9s anys d&#039;hist\u00f2ria a Calella i una de les m\u00e9s antigues de Catalunya. Venda a botiga i online de tot tipus de carns, embotits, formatges i plats cuinats. Som carnissers, xarcuters i rostissers.\",\"publisher\":{\"@id\":\"https:\\\/\\\/canvives.cat\\\/#organization\"},\"alternateName\":\"Can Vives Calella\",\"potentialAction\":[{\"@type\":\"SearchAction\",\"target\":{\"@type\":\"EntryPoint\",\"urlTemplate\":\"https:\\\/\\\/canvives.cat\\\/?s={search_term_string}\"},\"query-input\":{\"@type\":\"PropertyValueSpecification\",\"valueRequired\":true,\"valueName\":\"search_term_string\"}}],\"inLanguage\":\"es\"},{\"@type\":[\"Organization\",\"Place\"],\"@id\":\"https:\\\/\\\/canvives.cat\\\/#organization\",\"name\":\"Carnisseria Rostisseria Can Vives\",\"alternateName\":\"Can Vives Calella\",\"url\":\"https:\\\/\\\/canvives.cat\\\/\",\"logo\":{\"@id\":\"https:\\\/\\\/canvives.cat\\\/botiga\\\/vi-rosat-la-pantera-rosa\\\/#local-main-organization-logo\"},\"image\":{\"@id\":\"https:\\\/\\\/canvives.cat\\\/botiga\\\/vi-rosat-la-pantera-rosa\\\/#local-main-organization-logo\"},\"sameAs\":[\"https:\\\/\\\/www.facebook.com\\\/CanVivesCalella\",\"https:\\\/\\\/www.instagram.com\\\/canvivescalella\\\/\",\"https:\\\/\\\/www.tiktok.com\\\/@can.vives.calella\"],\"description\":\"\\\"Carns, plats cuinats casolans, embotits de qualitat i elaboraci\u00f3 pr\u00f2pia, vins i caves, delicatessen i formatges. La carnisseria amb m\u00e9s anys d'hist\u00f2ria a Calella i una de les m\u00e9s antigues de Catalunya. Comer\u00e7 tradicional Elaborem els nostres cuinats, hamburgueses, botifarres, croquetes, embotits curats com fuets, llonganisses, lloms curats...\\\"\",\"legalName\":\"VIVES CLOS C.B.\",\"foundingDate\":\"1840-04-25\",\"numberOfEmployees\":{\"@type\":\"QuantitativeValue\",\"minValue\":\"1\",\"maxValue\":\"10\"},\"address\":{\"@id\":\"https:\\\/\\\/canvives.cat\\\/botiga\\\/vi-rosat-la-pantera-rosa\\\/#local-main-place-address\"},\"telephone\":[\"937690224\"],\"contactPoint\":{\"@type\":\"ContactPoint\",\"telephone\":\"662965320\",\"email\":\"canvives@canvives.cat\"},\"openingHoursSpecification\":[{\"@type\":\"OpeningHoursSpecification\",\"dayOfWeek\":[\"Monday\",\"Tuesday\",\"Wednesday\",\"Thursday\",\"Friday\",\"Saturday\",\"Sunday\"],\"opens\":\"09:00\",\"closes\":\"17:00\"}],\"email\":\"canvives@canvives.cat\",\"vatID\":\"E60450871\"},{\"@type\":\"PostalAddress\",\"@id\":\"https:\\\/\\\/canvives.cat\\\/botiga\\\/vi-rosat-la-pantera-rosa\\\/#local-main-place-address\",\"streetAddress\":\"Calle Sant Joan 89\",\"addressLocality\":\"Calella\",\"postalCode\":\"08370\",\"addressRegion\":\"Barcelona\",\"addressCountry\":\"ES\"},{\"@type\":\"ImageObject\",\"inLanguage\":\"es\",\"@id\":\"https:\\\/\\\/canvives.cat\\\/botiga\\\/vi-rosat-la-pantera-rosa\\\/#local-main-organization-logo\",\"url\":\"https:\\\/\\\/canvives.cat\\\/wp-content\\\/uploads\\\/logopng512.png\",\"contentUrl\":\"https:\\\/\\\/canvives.cat\\\/wp-content\\\/uploads\\\/logopng512.png\",\"width\":512,\"height\":512,\"caption\":\"Carnisseria Rostisseria Can Vives\"}]}<\/script>\n<meta property=\"product:price:amount\" content=\"9.70\" \/>\n<meta property=\"product:price:currency\" content=\"EUR\" \/>\n<meta property=\"og:availability\" content=\"instock\" \/>\n<meta property=\"product:availability\" content=\"instock\" \/>\n<meta property=\"product:retailer_item_id\" content=\"8437017082675\" \/>\n<meta property=\"product:condition\" content=\"new\" \/>\n<meta name=\"geo.placename\" content=\"Calella\" \/>\n<meta name=\"geo.region\" content=\"Espa\u00f1a\" \/>\n<!-- \/ Yoast SEO Premium plugin. -->","yoast_head_json":{"title":"Vino rosado \"La Pantera Rosa\" - Carnicer\u00eda Can Vives desde 1840","description":"La Unidad's Pink Panther Ros\u00e9. Un Garnacha fresco y afrutado, ideal para acompa\u00f1ar aperitivos, platos de arroz y cocina mediterr\u00e1nea ligera.","robots":{"index":"index","follow":"follow","max-snippet":"max-snippet:-1","max-image-preview":"max-image-preview:large","max-video-preview":"max-video-preview:-1"},"canonical":"https:\/\/canvives.cat\/es\/tienda\/pantera-rosa-rosado\/","og_locale":"es_ES","og_type":"article","og_title":"Vi rosat \"La Pantera Rosa\"","og_description":"La Pantera Rosa rosat de La Unidad. Garnatxa fresca i afruitada, ideal per aperitius, arrossos i cuina mediterr\u00e0nia lleugera.","og_url":"https:\/\/canvives.cat\/es\/tienda\/pantera-rosa-rosado\/","og_site_name":"Can Vives carnissers des de 1840","article_publisher":"https:\/\/www.facebook.com\/CanVivesCalella","article_modified_time":"2026-04-01T17:58:14+00:00","og_image":[{"width":1024,"height":1536,"url":"https:\/\/canvives.cat\/wp-content\/uploads\/1000039761.png","type":"image\/png"}],"twitter_card":"summary_large_image","twitter_misc":{"Precio":"9,70&nbsp;&euro; IVA Incl\u00f2s","Disponibilidad":"Disponible"},"schema":{"@context":"https:\/\/schema.org","@graph":[{"@type":"WebPage","@id":"https:\/\/canvives.cat\/botiga\/vi-rosat-la-pantera-rosa\/","url":"https:\/\/canvives.cat\/botiga\/vi-rosat-la-pantera-rosa\/","name":"Vino rosado \"La Pantera Rosa\" - Carnicer\u00eda Can Vives desde 1840","isPartOf":{"@id":"https:\/\/canvives.cat\/#website"},"primaryImageOfPage":{"@id":"https:\/\/canvives.cat\/botiga\/vi-rosat-la-pantera-rosa\/#primaryimage"},"image":{"@id":"https:\/\/canvives.cat\/botiga\/vi-rosat-la-pantera-rosa\/#primaryimage"},"thumbnailUrl":"https:\/\/canvives.cat\/wp-content\/uploads\/1000039761.png","datePublished":"2026-02-26T21:48:32+00:00","dateModified":"2026-04-01T17:58:14+00:00","description":"La Unidad's Pink Panther Ros\u00e9. Un Garnacha fresco y afrutado, ideal para acompa\u00f1ar aperitivos, platos de arroz y cocina mediterr\u00e1nea ligera.","breadcrumb":{"@id":"https:\/\/canvives.cat\/botiga\/vi-rosat-la-pantera-rosa\/#breadcrumb"},"inLanguage":"es","potentialAction":[{"@type":"ReadAction","target":["https:\/\/canvives.cat\/botiga\/vi-rosat-la-pantera-rosa\/"]}]},{"@type":"ImageObject","inLanguage":"es","@id":"https:\/\/canvives.cat\/botiga\/vi-rosat-la-pantera-rosa\/#primaryimage","url":"https:\/\/canvives.cat\/wp-content\/uploads\/1000039761.png","contentUrl":"https:\/\/canvives.cat\/wp-content\/uploads\/1000039761.png","width":1024,"height":1536},{"@type":"BreadcrumbList","@id":"https:\/\/canvives.cat\/botiga\/vi-rosat-la-pantera-rosa\/#breadcrumb","itemListElement":[{"@type":"ListItem","position":1,"name":"Portada","item":"https:\/\/canvives.cat\/"},{"@type":"ListItem","position":2,"name":"Botiga","item":"https:\/\/canvives.cat\/botiga\/"},{"@type":"ListItem","position":3,"name":"Vi rosat \u00abLa Pantera Rosa\u00bb"}]},{"@type":"WebSite","@id":"https:\/\/canvives.cat\/#website","url":"https:\/\/canvives.cat\/","name":"Can Vives carniceros desde 1840","description":"La carniceria-asador con m\u00e1s a\u00f1os de historia en Calella y una de las m\u00e1s antiguas de Catalu\u00f1a. Venta en tienda y online de todo tipo de carnes, embutidos, quesos y platos preparados. Somos carniceros, charcuteros y asadores.","publisher":{"@id":"https:\/\/canvives.cat\/#organization"},"alternateName":"Can Vives Calella","potentialAction":[{"@type":"SearchAction","target":{"@type":"EntryPoint","urlTemplate":"https:\/\/canvives.cat\/?s={search_term_string}"},"query-input":{"@type":"PropertyValueSpecification","valueRequired":true,"valueName":"search_term_string"}}],"inLanguage":"es"},{"@type":["Organization","Place"],"@id":"https:\/\/canvives.cat\/#organization","name":"Carnicer\u00eda y Asador Can Vives","alternateName":"Can Vives Calella","url":"https:\/\/canvives.cat\/","logo":{"@id":"https:\/\/canvives.cat\/botiga\/vi-rosat-la-pantera-rosa\/#local-main-organization-logo"},"image":{"@id":"https:\/\/canvives.cat\/botiga\/vi-rosat-la-pantera-rosa\/#local-main-organization-logo"},"sameAs":["https:\/\/www.facebook.com\/CanVivesCalella","https:\/\/www.instagram.com\/canvivescalella\/","https:\/\/www.tiktok.com\/@can.vives.calella"],"description":"\"Carnes, platos caseros, embutidos de calidad y especialidades propias, vinos y cavas, delicatessen y quesos. La carnicer\\u00eda con m\\u00e1s historia de Calella y una de las m\\u00e1s antiguas de Catalu\\u00f1a. Somos un negocio tradicional y elaboramos nuestras propias carnes cocidas, hamburguesas, salchichas, croquetas, embutidos como fuet, longaniza, lomos curados...\"","legalName":"VIVES CLOS C.B.","foundingDate":"1840-04-25","numberOfEmployees":{"@type":"QuantitativeValue","minValue":"1","maxValue":"10"},"address":{"@id":"https:\/\/canvives.cat\/botiga\/vi-rosat-la-pantera-rosa\/#local-main-place-address"},"telephone":["937690224"],"contactPoint":{"@type":"ContactPoint","telephone":"662965320","email":"canvives@canvives.cat"},"openingHoursSpecification":[{"@type":"OpeningHoursSpecification","dayOfWeek":["Monday","Tuesday","Wednesday","Thursday","Friday","Saturday","Sunday"],"opens":"09:00","closes":"17:00"}],"email":"canvives@canvives.cat","vatID":"E60450871"},{"@type":"PostalAddress","@id":"https:\/\/canvives.cat\/botiga\/vi-rosat-la-pantera-rosa\/#local-main-place-address","streetAddress":"Calle Sant Joan 89","addressLocality":"Calella","postalCode":"08370","addressRegion":"Barcelona","addressCountry":"ES"},{"@type":"ImageObject","inLanguage":"es","@id":"https:\/\/canvives.cat\/botiga\/vi-rosat-la-pantera-rosa\/#local-main-organization-logo","url":"https:\/\/canvives.cat\/wp-content\/uploads\/logopng512.png","contentUrl":"https:\/\/canvives.cat\/wp-content\/uploads\/logopng512.png","width":512,"height":512,"caption":"Carnisseria Rostisseria Can Vives"}]},"product_price_amount":"9.70","product_price_currency":"EUR","og_availability":"instock","product_availability":"instock","product_retailer_item_id":"8437017082675","product_condition":"new","geo.placename":"Calella","geo.region":"Espa\u00f1a"},"uagb_featured_image_src":{"full":["https:\/\/canvives.cat\/wp-content\/uploads\/1000039761.png",1024,1536,false],"thumbnail":["https:\/\/canvives.cat\/wp-content\/uploads\/1000039761-300x300.png",300,300,true],"medium":["https:\/\/canvives.cat\/wp-content\/uploads\/1000039761-400x600.png",400,600,true],"medium_large":["https:\/\/canvives.cat\/wp-content\/uploads\/1000039761-768x1152.png",768,1152,true],"large":["https:\/\/canvives.cat\/wp-content\/uploads\/1000039761-720x1080.png",720,1080,true],"1536x1536":["https:\/\/canvives.cat\/wp-content\/uploads\/1000039761.png",1024,1536,false],"2048x2048":["https:\/\/canvives.cat\/wp-content\/uploads\/1000039761.png",1024,1536,false],"trp-custom-language-flag":["https:\/\/canvives.cat\/wp-content\/uploads\/1000039761-8x12.png",8,12,true],"woocommerce_thumbnail":["https:\/\/canvives.cat\/wp-content\/uploads\/1000039761-300x300.png",300,300,true],"woocommerce_single":["https:\/\/canvives.cat\/wp-content\/uploads\/1000039761-600x900.png",600,900,true],"woocommerce_gallery_thumbnail":["https:\/\/canvives.cat\/wp-content\/uploads\/1000039761-100x100.png",100,100,true]},"uagb_author_info":{"display_name":"Administrador de Can Vives","author_link":"https:\/\/canvives.cat\/es\/author\/"},"uagb_comment_info":0,"uagb_excerpt":"Ampolles","_links":{"self":[{"href":"https:\/\/canvives.cat\/es\/wp-json\/wp\/v2\/product\/231382","targetHints":{"allow":["GET"]}}],"collection":[{"href":"https:\/\/canvives.cat\/es\/wp-json\/wp\/v2\/product"}],"about":[{"href":"https:\/\/canvives.cat\/es\/wp-json\/wp\/v2\/types\/product"}],"replies":[{"embeddable":true,"href":"https:\/\/canvives.cat\/es\/wp-json\/wp\/v2\/comments?post=231382"}],"wp:featuredmedia":[{"embeddable":true,"href":"https:\/\/canvives.cat\/es\/wp-json\/wp\/v2\/media\/231381"}],"wp:attachment":[{"href":"https:\/\/canvives.cat\/es\/wp-json\/wp\/v2\/media?parent=231382"}],"wp:term":[{"taxonomy":"product_brand","embeddable":true,"href":"https:\/\/canvives.cat\/es\/wp-json\/wp\/v2\/product_brand?post=231382"},{"taxonomy":"product_cat","embeddable":true,"href":"https:\/\/canvives.cat\/es\/wp-json\/wp\/v2\/product_cat?post=231382"},{"taxonomy":"product_tag","embeddable":true,"href":"https:\/\/canvives.cat\/es\/wp-json\/wp\/v2\/product_tag?post=231382"}],"curies":[{"name":"wp","href":"https:\/\/api.w.org\/{rel}","templated":true}]}}