{"id":231261,"date":"2026-02-22T11:32:45","date_gmt":"2026-02-22T10:32:45","guid":{"rendered":"https:\/\/canvives.cat\/?post_type=product&#038;p=231261"},"modified":"2026-04-27T12:30:53","modified_gmt":"2026-04-27T10:30:53","slug":"garbanzos-con-espinacas-racion-de-300-gramos","status":"publish","type":"product","link":"https:\/\/canvives.cat\/es\/botiga\/cigrons-amb-espinacs-racio-de-300-grams\/","title":{"rendered":"Garbanzos con espinacas (porci\u00f3n de 300 gramos)"},"content":{"rendered":"<p data-start=\"0\" data-end=\"305\">El <strong data-start=\"36\" data-end=\"60\">Garbanzos con espinacas<\/strong> Son uno de los platos m\u00e1s tradicionales de la cocina mediterr\u00e1nea. <strong data-start=\"124\" data-end=\"137\">Can Vives<\/strong> Los elaboramos a mano con <strong data-start=\"175\" data-end=\"213\" data-is-only-node=\"\">Garbanzos tiernos y espinacas frescas<\/strong>, cocinado lentamente con un suave sofrito y especias que a\u00f1aden aroma y profundidad al plato.<\/p>\n<p data-start=\"307\" data-end=\"556\">El resultado es un guiso equilibrado y reconfortante, con una textura cremosa y un sabor casero que recuerda a la cocina tradicional. Los garbanzos aportan cuerpo y nutrientes, mientras que las espinacas a\u00f1aden frescura y ligereza, creando un plato completo y saludable.<\/p>\n<p data-start=\"558\" data-end=\"717\">Es una opci\u00f3n perfecta como ambos <strong data-start=\"591\" data-end=\"615\">primer plato nutritivo<\/strong> Ideal para una comida ligera pero sabrosa. Solo hay que calentarlos un poco y ya est\u00e1n listos para servir.<\/p>\n<p data-start=\"719\" data-end=\"840\">A <strong data-start=\"722\" data-end=\"753\">Plato tradicional con cuchara<\/strong>, elaborado con ingredientes de calidad y listo para disfrutar en casa con total comodidad.<\/p>","protected":false},"excerpt":{"rendered":"<p>Raciones de 300 gramos<\/p>","protected":false},"featured_media":231260,"comment_status":"closed","ping_status":"closed","template":"","meta":{"_editorskit_title_hidden":false,"_editorskit_reading_time":0,"_editorskit_is_block_options_detached":false,"_editorskit_block_options_position":"{}","_uag_custom_page_level_css":"","_kadence_starter_templates_imported_post":false,"_kad_post_transparent":"default","_kad_post_title":"","_kad_post_layout":"default","_kad_post_sidebar_id":"","_kad_post_content_style":"default","_kad_post_vertical_padding":"default","_kad_post_feature":"","_kad_post_feature_position":"","_kad_post_header":false,"_kad_post_footer":false,"_kad_post_classname":""},"product_brand":[],"product_cat":[155,158,157,28],"product_tag":[],"class_list":{"0":"post-231261","1":"product","2":"type-product","3":"status-publish","4":"has-post-thumbnail","6":"product_cat-elaborats","7":"product_cat-llegums-cuits","8":"product_cat-plats-cuinats","9":"product_cat-primers","11":"first","12":"instock","13":"taxable","14":"shipping-taxable","15":"purchasable","16":"product-type-simple","17":"entry","18":"content-bg","19":"loop-entry"},"yoast_head":"<!-- This site is optimized with the Yoast SEO Premium plugin v27.5 (Yoast SEO v27.5) - https:\/\/yoast.com\/product\/yoast-seo-premium-wordpress\/ -->\n<title>Cigrons amb espinacs (Raci\u00f3 de 300 grams) - Can Vives carnissers des de 1840<\/title>\n<meta name=\"description\" content=\"Cigrons amb espinacs elaborats artesanalment amb ingredients de qualitat. Plat tradicional, saludable i llest per escalfar i servir.\" \/>\n<meta name=\"robots\" content=\"index, follow, max-snippet:-1, max-image-preview:large, max-video-preview:-1\" \/>\n<link rel=\"canonical\" href=\"https:\/\/canvives.cat\/es\/tienda\/garbanzos-con-espinacas-racion-de-300-gramos\/\" \/>\n<meta property=\"og:locale\" content=\"es_ES\" \/>\n<meta property=\"og:type\" content=\"article\" \/>\n<meta property=\"og:title\" content=\"Cigrons amb espinacs (Raci\u00f3 de 300 grams)\" \/>\n<meta property=\"og:description\" content=\"Cigrons amb espinacs elaborats artesanalment amb ingredients de qualitat. Plat tradicional, saludable i llest per escalfar i servir.\" \/>\n<meta property=\"og:url\" content=\"https:\/\/canvives.cat\/es\/tienda\/garbanzos-con-espinacas-racion-de-300-gramos\/\" \/>\n<meta property=\"og:site_name\" content=\"Can Vives carnissers des de 1840\" \/>\n<meta property=\"article:publisher\" content=\"https:\/\/www.facebook.com\/CanVivesCalella\" \/>\n<meta property=\"article:modified_time\" content=\"2026-04-27T10:30:53+00:00\" \/>\n<meta property=\"og:image\" content=\"https:\/\/canvives.cat\/wp-content\/uploads\/1000038499.png\" \/>\n\t<meta property=\"og:image:width\" content=\"1536\" \/>\n\t<meta property=\"og:image:height\" content=\"1024\" \/>\n\t<meta property=\"og:image:type\" content=\"image\/png\" \/>\n<meta name=\"twitter:card\" content=\"summary_large_image\" \/>\n<meta name=\"twitter:label1\" content=\"Precio\" \/>\n\t<meta name=\"twitter:data1\" content=\"2,70&nbsp;&euro; IVA Incl\u00f2s\" \/>\n\t<meta name=\"twitter:label2\" content=\"Disponibilidad\" \/>\n\t<meta name=\"twitter:data2\" content=\"Disponible\" \/>\n<script type=\"application\/ld+json\" class=\"yoast-schema-graph\">{\"@context\":\"https:\\\/\\\/schema.org\",\"@graph\":[{\"@type\":\"WebPage\",\"@id\":\"https:\\\/\\\/canvives.cat\\\/botiga\\\/cigrons-amb-espinacs-racio-de-300-grams\\\/\",\"url\":\"https:\\\/\\\/canvives.cat\\\/botiga\\\/cigrons-amb-espinacs-racio-de-300-grams\\\/\",\"name\":\"Cigrons amb espinacs (Raci\u00f3 de 300 grams) - Can Vives carnissers des de 1840\",\"isPartOf\":{\"@id\":\"https:\\\/\\\/canvives.cat\\\/#website\"},\"primaryImageOfPage\":{\"@id\":\"https:\\\/\\\/canvives.cat\\\/botiga\\\/cigrons-amb-espinacs-racio-de-300-grams\\\/#primaryimage\"},\"image\":{\"@id\":\"https:\\\/\\\/canvives.cat\\\/botiga\\\/cigrons-amb-espinacs-racio-de-300-grams\\\/#primaryimage\"},\"thumbnailUrl\":\"https:\\\/\\\/canvives.cat\\\/wp-content\\\/uploads\\\/1000038499.png\",\"datePublished\":\"2026-02-22T10:32:45+00:00\",\"dateModified\":\"2026-04-27T10:30:53+00:00\",\"description\":\"Cigrons amb espinacs elaborats artesanalment amb ingredients de qualitat. Plat tradicional, saludable i llest per escalfar i servir.\",\"breadcrumb\":{\"@id\":\"https:\\\/\\\/canvives.cat\\\/botiga\\\/cigrons-amb-espinacs-racio-de-300-grams\\\/#breadcrumb\"},\"inLanguage\":\"es\",\"potentialAction\":[{\"@type\":\"ReadAction\",\"target\":[\"https:\\\/\\\/canvives.cat\\\/botiga\\\/cigrons-amb-espinacs-racio-de-300-grams\\\/\"]}]},{\"@type\":\"ImageObject\",\"inLanguage\":\"es\",\"@id\":\"https:\\\/\\\/canvives.cat\\\/botiga\\\/cigrons-amb-espinacs-racio-de-300-grams\\\/#primaryimage\",\"url\":\"https:\\\/\\\/canvives.cat\\\/wp-content\\\/uploads\\\/1000038499.png\",\"contentUrl\":\"https:\\\/\\\/canvives.cat\\\/wp-content\\\/uploads\\\/1000038499.png\",\"width\":1536,\"height\":1024},{\"@type\":\"BreadcrumbList\",\"@id\":\"https:\\\/\\\/canvives.cat\\\/botiga\\\/cigrons-amb-espinacs-racio-de-300-grams\\\/#breadcrumb\",\"itemListElement\":[{\"@type\":\"ListItem\",\"position\":1,\"name\":\"Portada\",\"item\":\"https:\\\/\\\/canvives.cat\\\/\"},{\"@type\":\"ListItem\",\"position\":2,\"name\":\"Botiga\",\"item\":\"https:\\\/\\\/canvives.cat\\\/botiga\\\/\"},{\"@type\":\"ListItem\",\"position\":3,\"name\":\"Cigrons amb espinacs (Raci\u00f3 de 300 grams)\"}]},{\"@type\":\"WebSite\",\"@id\":\"https:\\\/\\\/canvives.cat\\\/#website\",\"url\":\"https:\\\/\\\/canvives.cat\\\/\",\"name\":\"Can Vives carnissers des de 1840\",\"description\":\"La carnisseria-rostisseria amb m\u00e9s anys d&#039;hist\u00f2ria a Calella i una de les m\u00e9s antigues de Catalunya. Venda a botiga i online de tot tipus de carns, embotits, formatges i plats cuinats. Som carnissers, xarcuters i rostissers.\",\"publisher\":{\"@id\":\"https:\\\/\\\/canvives.cat\\\/#organization\"},\"alternateName\":\"Can Vives Calella\",\"potentialAction\":[{\"@type\":\"SearchAction\",\"target\":{\"@type\":\"EntryPoint\",\"urlTemplate\":\"https:\\\/\\\/canvives.cat\\\/?s={search_term_string}\"},\"query-input\":{\"@type\":\"PropertyValueSpecification\",\"valueRequired\":true,\"valueName\":\"search_term_string\"}}],\"inLanguage\":\"es\"},{\"@type\":[\"Organization\",\"Place\"],\"@id\":\"https:\\\/\\\/canvives.cat\\\/#organization\",\"name\":\"Carnisseria Rostisseria Can Vives\",\"alternateName\":\"Can Vives Calella\",\"url\":\"https:\\\/\\\/canvives.cat\\\/\",\"logo\":{\"@id\":\"https:\\\/\\\/canvives.cat\\\/botiga\\\/cigrons-amb-espinacs-racio-de-300-grams\\\/#local-main-organization-logo\"},\"image\":{\"@id\":\"https:\\\/\\\/canvives.cat\\\/botiga\\\/cigrons-amb-espinacs-racio-de-300-grams\\\/#local-main-organization-logo\"},\"sameAs\":[\"https:\\\/\\\/www.facebook.com\\\/CanVivesCalella\",\"https:\\\/\\\/www.instagram.com\\\/canvivescalella\\\/\",\"https:\\\/\\\/www.tiktok.com\\\/@can.vives.calella\"],\"description\":\"\\\"Carns, plats cuinats casolans, embotits de qualitat i elaboraci\u00f3 pr\u00f2pia, vins i caves, delicatessen i formatges. La carnisseria amb m\u00e9s anys d'hist\u00f2ria a Calella i una de les m\u00e9s antigues de Catalunya. Comer\u00e7 tradicional Elaborem els nostres cuinats, hamburgueses, botifarres, croquetes, embotits curats com fuets, llonganisses, lloms curats...\\\"\",\"legalName\":\"VIVES CLOS C.B.\",\"foundingDate\":\"1840-04-25\",\"numberOfEmployees\":{\"@type\":\"QuantitativeValue\",\"minValue\":\"1\",\"maxValue\":\"10\"},\"address\":{\"@id\":\"https:\\\/\\\/canvives.cat\\\/botiga\\\/cigrons-amb-espinacs-racio-de-300-grams\\\/#local-main-place-address\"},\"telephone\":[\"937690224\"],\"contactPoint\":{\"@type\":\"ContactPoint\",\"telephone\":\"662965320\",\"email\":\"canvives@canvives.cat\"},\"openingHoursSpecification\":[{\"@type\":\"OpeningHoursSpecification\",\"dayOfWeek\":[\"Monday\",\"Tuesday\",\"Wednesday\",\"Thursday\",\"Friday\",\"Saturday\",\"Sunday\"],\"opens\":\"09:00\",\"closes\":\"17:00\"}],\"email\":\"canvives@canvives.cat\",\"vatID\":\"E60450871\"},{\"@type\":\"PostalAddress\",\"@id\":\"https:\\\/\\\/canvives.cat\\\/botiga\\\/cigrons-amb-espinacs-racio-de-300-grams\\\/#local-main-place-address\",\"streetAddress\":\"Calle Sant Joan 89\",\"addressLocality\":\"Calella\",\"postalCode\":\"08370\",\"addressRegion\":\"Barcelona\",\"addressCountry\":\"ES\"},{\"@type\":\"ImageObject\",\"inLanguage\":\"es\",\"@id\":\"https:\\\/\\\/canvives.cat\\\/botiga\\\/cigrons-amb-espinacs-racio-de-300-grams\\\/#local-main-organization-logo\",\"url\":\"https:\\\/\\\/canvives.cat\\\/wp-content\\\/uploads\\\/logopng512.png\",\"contentUrl\":\"https:\\\/\\\/canvives.cat\\\/wp-content\\\/uploads\\\/logopng512.png\",\"width\":512,\"height\":512,\"caption\":\"Carnisseria Rostisseria Can Vives\"}]}<\/script>\n<meta property=\"product:price:amount\" content=\"2.70\" \/>\n<meta property=\"product:price:currency\" content=\"EUR\" \/>\n<meta property=\"og:availability\" content=\"instock\" \/>\n<meta property=\"product:availability\" content=\"instock\" \/>\n<meta property=\"product:retailer_item_id\" content=\"2015\" \/>\n<meta property=\"product:condition\" content=\"new\" \/>\n<meta name=\"geo.placename\" content=\"Calella\" \/>\n<meta name=\"geo.region\" content=\"Espa\u00f1a\" \/>\n<!-- \/ Yoast SEO Premium plugin. -->","yoast_head_json":{"title":"Garbanzos con espinacas (porci\u00f3n de 300 gramos) - Carnicer\u00eda Can Vives desde 1840","description":"Garbanzos con espinacas, elaborados artesanalmente con ingredientes de calidad. Un plato tradicional y saludable, listo para calentar y servir.","robots":{"index":"index","follow":"follow","max-snippet":"max-snippet:-1","max-image-preview":"max-image-preview:large","max-video-preview":"max-video-preview:-1"},"canonical":"https:\/\/canvives.cat\/es\/tienda\/garbanzos-con-espinacas-racion-de-300-gramos\/","og_locale":"es_ES","og_type":"article","og_title":"Cigrons amb espinacs (Raci\u00f3 de 300 grams)","og_description":"Cigrons amb espinacs elaborats artesanalment amb ingredients de qualitat. Plat tradicional, saludable i llest per escalfar i servir.","og_url":"https:\/\/canvives.cat\/es\/tienda\/garbanzos-con-espinacas-racion-de-300-gramos\/","og_site_name":"Can Vives carnissers des de 1840","article_publisher":"https:\/\/www.facebook.com\/CanVivesCalella","article_modified_time":"2026-04-27T10:30:53+00:00","og_image":[{"width":1536,"height":1024,"url":"https:\/\/canvives.cat\/wp-content\/uploads\/1000038499.png","type":"image\/png"}],"twitter_card":"summary_large_image","twitter_misc":{"Precio":"2,70&nbsp;&euro; IVA Incl\u00f2s","Disponibilidad":"Disponible"},"schema":{"@context":"https:\/\/schema.org","@graph":[{"@type":"WebPage","@id":"https:\/\/canvives.cat\/botiga\/cigrons-amb-espinacs-racio-de-300-grams\/","url":"https:\/\/canvives.cat\/botiga\/cigrons-amb-espinacs-racio-de-300-grams\/","name":"Garbanzos con espinacas (porci\u00f3n de 300 gramos) - Carnicer\u00eda Can Vives desde 1840","isPartOf":{"@id":"https:\/\/canvives.cat\/#website"},"primaryImageOfPage":{"@id":"https:\/\/canvives.cat\/botiga\/cigrons-amb-espinacs-racio-de-300-grams\/#primaryimage"},"image":{"@id":"https:\/\/canvives.cat\/botiga\/cigrons-amb-espinacs-racio-de-300-grams\/#primaryimage"},"thumbnailUrl":"https:\/\/canvives.cat\/wp-content\/uploads\/1000038499.png","datePublished":"2026-02-22T10:32:45+00:00","dateModified":"2026-04-27T10:30:53+00:00","description":"Garbanzos con espinacas, elaborados artesanalmente con ingredientes de calidad. Un plato tradicional y saludable, listo para calentar y servir.","breadcrumb":{"@id":"https:\/\/canvives.cat\/botiga\/cigrons-amb-espinacs-racio-de-300-grams\/#breadcrumb"},"inLanguage":"es","potentialAction":[{"@type":"ReadAction","target":["https:\/\/canvives.cat\/botiga\/cigrons-amb-espinacs-racio-de-300-grams\/"]}]},{"@type":"ImageObject","inLanguage":"es","@id":"https:\/\/canvives.cat\/botiga\/cigrons-amb-espinacs-racio-de-300-grams\/#primaryimage","url":"https:\/\/canvives.cat\/wp-content\/uploads\/1000038499.png","contentUrl":"https:\/\/canvives.cat\/wp-content\/uploads\/1000038499.png","width":1536,"height":1024},{"@type":"BreadcrumbList","@id":"https:\/\/canvives.cat\/botiga\/cigrons-amb-espinacs-racio-de-300-grams\/#breadcrumb","itemListElement":[{"@type":"ListItem","position":1,"name":"Portada","item":"https:\/\/canvives.cat\/"},{"@type":"ListItem","position":2,"name":"Botiga","item":"https:\/\/canvives.cat\/botiga\/"},{"@type":"ListItem","position":3,"name":"Cigrons amb espinacs (Raci\u00f3 de 300 grams)"}]},{"@type":"WebSite","@id":"https:\/\/canvives.cat\/#website","url":"https:\/\/canvives.cat\/","name":"Can Vives carniceros desde 1840","description":"La carniceria-asador con m\u00e1s a\u00f1os de historia en Calella y una de las m\u00e1s antiguas de Catalu\u00f1a. Venta en tienda y online de todo tipo de carnes, embutidos, quesos y platos preparados. Somos carniceros, charcuteros y asadores.","publisher":{"@id":"https:\/\/canvives.cat\/#organization"},"alternateName":"Can Vives Calella","potentialAction":[{"@type":"SearchAction","target":{"@type":"EntryPoint","urlTemplate":"https:\/\/canvives.cat\/?s={search_term_string}"},"query-input":{"@type":"PropertyValueSpecification","valueRequired":true,"valueName":"search_term_string"}}],"inLanguage":"es"},{"@type":["Organization","Place"],"@id":"https:\/\/canvives.cat\/#organization","name":"Carnicer\u00eda y Asador Can Vives","alternateName":"Can Vives Calella","url":"https:\/\/canvives.cat\/","logo":{"@id":"https:\/\/canvives.cat\/botiga\/cigrons-amb-espinacs-racio-de-300-grams\/#local-main-organization-logo"},"image":{"@id":"https:\/\/canvives.cat\/botiga\/cigrons-amb-espinacs-racio-de-300-grams\/#local-main-organization-logo"},"sameAs":["https:\/\/www.facebook.com\/CanVivesCalella","https:\/\/www.instagram.com\/canvivescalella\/","https:\/\/www.tiktok.com\/@can.vives.calella"],"description":"\"Carnes, platos caseros, embutidos de calidad y especialidades propias, vinos y cavas, delicatessen y quesos. La carnicer\\u00eda con m\\u00e1s historia de Calella y una de las m\\u00e1s antiguas de Catalu\\u00f1a. Somos un negocio tradicional y elaboramos nuestras propias carnes cocidas, hamburguesas, salchichas, croquetas, embutidos como fuet, longaniza, lomos curados...\"","legalName":"VIVES CLOS C.B.","foundingDate":"1840-04-25","numberOfEmployees":{"@type":"QuantitativeValue","minValue":"1","maxValue":"10"},"address":{"@id":"https:\/\/canvives.cat\/botiga\/cigrons-amb-espinacs-racio-de-300-grams\/#local-main-place-address"},"telephone":["937690224"],"contactPoint":{"@type":"ContactPoint","telephone":"662965320","email":"canvives@canvives.cat"},"openingHoursSpecification":[{"@type":"OpeningHoursSpecification","dayOfWeek":["Monday","Tuesday","Wednesday","Thursday","Friday","Saturday","Sunday"],"opens":"09:00","closes":"17:00"}],"email":"canvives@canvives.cat","vatID":"E60450871"},{"@type":"PostalAddress","@id":"https:\/\/canvives.cat\/botiga\/cigrons-amb-espinacs-racio-de-300-grams\/#local-main-place-address","streetAddress":"Calle Sant Joan 89","addressLocality":"Calella","postalCode":"08370","addressRegion":"Barcelona","addressCountry":"ES"},{"@type":"ImageObject","inLanguage":"es","@id":"https:\/\/canvives.cat\/botiga\/cigrons-amb-espinacs-racio-de-300-grams\/#local-main-organization-logo","url":"https:\/\/canvives.cat\/wp-content\/uploads\/logopng512.png","contentUrl":"https:\/\/canvives.cat\/wp-content\/uploads\/logopng512.png","width":512,"height":512,"caption":"Carnisseria Rostisseria Can Vives"}]},"product_price_amount":"2.70","product_price_currency":"EUR","og_availability":"instock","product_availability":"instock","product_retailer_item_id":"2015","product_condition":"new","geo.placename":"Calella","geo.region":"Espa\u00f1a"},"uagb_featured_image_src":{"full":["https:\/\/canvives.cat\/wp-content\/uploads\/1000038499.png",1536,1024,false],"thumbnail":["https:\/\/canvives.cat\/wp-content\/uploads\/1000038499-300x300.png",300,300,true],"medium":["https:\/\/canvives.cat\/wp-content\/uploads\/1000038499-600x400.png",600,400,true],"medium_large":["https:\/\/canvives.cat\/wp-content\/uploads\/1000038499-768x512.png",768,512,true],"large":["https:\/\/canvives.cat\/wp-content\/uploads\/1000038499.png",1536,1024,false],"1536x1536":["https:\/\/canvives.cat\/wp-content\/uploads\/1000038499.png",1536,1024,false],"2048x2048":["https:\/\/canvives.cat\/wp-content\/uploads\/1000038499.png",1536,1024,false],"trp-custom-language-flag":["https:\/\/canvives.cat\/wp-content\/uploads\/1000038499-18x12.png",18,12,true],"woocommerce_thumbnail":["https:\/\/canvives.cat\/wp-content\/uploads\/1000038499-300x300.png",300,300,true],"woocommerce_single":["https:\/\/canvives.cat\/wp-content\/uploads\/1000038499-600x400.png",600,400,true],"woocommerce_gallery_thumbnail":["https:\/\/canvives.cat\/wp-content\/uploads\/1000038499-100x100.png",100,100,true]},"uagb_author_info":{"display_name":"Administrador de Can Vives","author_link":"https:\/\/canvives.cat\/es\/author\/"},"uagb_comment_info":0,"uagb_excerpt":"Racions de 300 grams","_links":{"self":[{"href":"https:\/\/canvives.cat\/es\/wp-json\/wp\/v2\/product\/231261","targetHints":{"allow":["GET"]}}],"collection":[{"href":"https:\/\/canvives.cat\/es\/wp-json\/wp\/v2\/product"}],"about":[{"href":"https:\/\/canvives.cat\/es\/wp-json\/wp\/v2\/types\/product"}],"replies":[{"embeddable":true,"href":"https:\/\/canvives.cat\/es\/wp-json\/wp\/v2\/comments?post=231261"}],"wp:featuredmedia":[{"embeddable":true,"href":"https:\/\/canvives.cat\/es\/wp-json\/wp\/v2\/media\/231260"}],"wp:attachment":[{"href":"https:\/\/canvives.cat\/es\/wp-json\/wp\/v2\/media?parent=231261"}],"wp:term":[{"taxonomy":"product_brand","embeddable":true,"href":"https:\/\/canvives.cat\/es\/wp-json\/wp\/v2\/product_brand?post=231261"},{"taxonomy":"product_cat","embeddable":true,"href":"https:\/\/canvives.cat\/es\/wp-json\/wp\/v2\/product_cat?post=231261"},{"taxonomy":"product_tag","embeddable":true,"href":"https:\/\/canvives.cat\/es\/wp-json\/wp\/v2\/product_tag?post=231261"}],"curies":[{"name":"wp","href":"https:\/\/api.w.org\/{rel}","templated":true}]}}